{"id":2042,"date":"2021-11-05T18:20:30","date_gmt":"2021-11-05T18:20:30","guid":{"rendered":"https:\/\/adamtravel.ch\/?page_id=2042"},"modified":"2025-09-06T18:03:03","modified_gmt":"2025-09-06T16:03:03","slug":"lequipe","status":"publish","type":"page","link":"https:\/\/adamtravel.ch\/fr\/lequipe\/","title":{"rendered":"L&rsquo;\u00e9quipe"},"content":{"rendered":"<p>[et_pb_section fb_built=\"1&Prime; next_background_color=\"#ffffff\" _builder_version=\"4.16&Prime; _module_preset=\"default\" background_enable_color=\"off\" use_background_color_gradient=\"on\" background_color_gradient_stops=\"rgba(0,93,168,0.82) 0%|#005da8 100%\" background_color_gradient_overlays_image=\"on\" background_color_gradient_start=\"rgba(0,93,168,0.82)\" background_color_gradient_end=\"#005da8&Prime; background_image=\"https:\/\/adamtravel.ch\/wp-content\/uploads\/2021\/07\/Three-Crazy-Womens.jpg\" custom_padding=\"103px||152px||false|\" bottom_divider_style=\"wave2&Prime; global_colors_info=\"{}\"][et_pb_row _builder_version=\"4.16&Prime; _module_preset=\"default\" global_colors_info=\"{}\"][et_pb_column type=\"4_4&Prime; _builder_version=\"4.16&Prime; _module_preset=\"default\" global_colors_info=\"{}\"][et_pb_text _builder_version=\"4.16&Prime; _dynamic_attributes=\"content\" _module_preset=\"default\" header_font=\"Cabin|700|||||||\" header_text_align=\"center\" header_text_color=\"#ffffff\" header_font_size=\"70px\" animation_style=\"zoom\" animation_delay=\"10ms\" header_font_size_tablet=\"60px\" header_font_size_phone=\"50px\" header_font_size_last_edited=\"on|phone\" global_colors_info=\"{}\" header_font_size__hover_enabled=\"off|desktop\"]@ET-DC@eyJkeW5hbWljIjp0cnVlLCJjb250ZW50IjoicG9zdF90aXRsZSIsInNldHRpbmdzIjp7ImJlZm9yZSI6IjxoMT4iLCJhZnRlciI6IjxoMT4ifX0=@[\/et_pb_text][\/et_pb_column][\/et_pb_row][\/et_pb_section][et_pb_section fb_built=\"1&Prime; _builder_version=\"4.16&Prime; _module_preset=\"default\" custom_padding=\"24px|||||\" locked=\"off\" global_colors_info=\"{}\"][et_pb_row _builder_version=\"4.16&Prime; _module_preset=\"default\" width_tablet=\"80%\" width_phone=\"\" width_last_edited=\"on|tablet\" max_width_tablet=\"80%\" max_width_phone=\"\" max_width_last_edited=\"on|tablet\" locked=\"off\" global_colors_info=\"{}\"][et_pb_column type=\"4_4&Prime; _builder_version=\"4.16&Prime; _module_preset=\"default\" global_colors_info=\"{}\"][et_pb_text _builder_version=\"4.16&Prime; _module_preset=\"default\" text_font=\"Montserrat||||||||\" text_text_color=\"#ffffff\" text_font_size=\"15px\" text_line_height=\"1.9em\" header_font=\"Cabin|700|||||||\" header_text_align=\"center\" header_text_color=\"#ffffff\" header_font_size=\"36px\" header_line_height=\"1.3em\" header_2_font=\"Cabin|700|||||||\" header_2_text_color=\"#000000&Prime; header_2_font_size=\"46px\" header_2_line_height=\"1.3em\" text_orientation=\"center\" module_alignment=\"center\" custom_margin=\"||0px||false|false\" animation_style=\"slide\" animation_direction=\"left\" animation_delay=\"10ms\" header_2_font_size_tablet=\"42px\" header_2_font_size_phone=\"36px\" header_2_font_size_last_edited=\"on|phone\" global_colors_info=\"{}\" header_2_font_size__hover_enabled=\"off|desktop\"]<\/p>\n<h2>Notre \u00e9quipe<\/h2>\n<p>[\/et_pb_text][et_pb_text _builder_version=\"4.16&Prime; _module_preset=\"default\" text_font=\"Montserrat||||||||\" text_text_color=\"#000000&Prime; text_font_size=\"16px\" text_line_height=\"1.9em\" header_font=\"Cabin|700|||||||\" header_text_align=\"center\" header_text_color=\"#ffffff\" header_font_size=\"36px\" header_line_height=\"1.3em\" text_orientation=\"center\" max_width=\"650px\" module_alignment=\"center\" animation_style=\"slide\" animation_direction=\"right\" animation_delay=\"10ms\" locked=\"off\" global_colors_info=\"{}\"]<\/p>\n<p><span>La famille Adam s&rsquo;harmonise tr\u00e8s bien et tire \u00e0 la m\u00eame corde. Nous aimerions partager notre amour de l&rsquo;\u00c9gypte avec vous.<\/span><\/p>\n<p><span>Avec notre \u00e9quipe et nos partenaires dans toute l&rsquo;\u00c9gypte, nous veillons \u00e0 ce que vous puissiez vivre des moments inoubliables dans le pays de nos c\u0153urs et faire le plein d&rsquo;\u00e9nergie positive.<\/span><\/p>\n<p>[\/et_pb_text][et_pb_image src=\"https:\/\/adamtravel.ch\/wp-content\/uploads\/2021\/09\/Team-Adamtravel-Familie.jpg\" alt=\"\u00c9quipe Adamtravel famille\" title_text=\"\u00c9quipe Adamtravel famille\" _builder_version=\"4.27.4&Prime; _module_preset=\"default\" hover_enabled=\"0&Prime; global_colors_info=\"{}\" sticky_enabled=\"0&Prime; force_fullwidth=\"on\"][\/et_pb_image][\/et_pb_column][\/et_pb_row][\/et_pb_section][et_pb_section fb_built=\"1&Prime; _builder_version=\"4.27.4&Prime; _module_preset=\"default\" background_enable_color=\"off\" use_background_color_gradient=\"on\" background_color_gradient_stops=\"rgba(0,93,168,0.66) 0%|#005da8 100%\" background_color_gradient_overlays_image=\"on\" background_color_gradient_start=\"rgba(0,93,168,0.66)\" background_color_gradient_end=\"#005da8&Prime; background_image=\"https:\/\/adamtravel.ch\/wp-content\/uploads\/2021\/07\/Pyramids-1-scaled.jpg\" z_index=\"100&Prime; custom_margin=\"-89px||||false|false\" custom_padding=\"70px||70px||true|false\" top_divider_height=\"47px\" locked=\"off\" global_colors_info=\"{}\"][et_pb_row column_structure=\"3_5,2_5&Prime; _builder_version=\"4.16&Prime; _module_preset=\"default\" global_colors_info=\"{}\"][et_pb_column type=\"3_5&Prime; _builder_version=\"4.16&Prime; _module_preset=\"default\" custom_css_main_element=\"margin:auto;\" global_colors_info=\"{}\"][et_pb_text _builder_version=\"4.16&Prime; _module_preset=\"default\" header_3_font=\"Cabin||||||||\" header_3_text_color=\"#ffffff\" header_3_font_size=\"36px\" header_3_line_height=\"1.2em\" animation_style=\"slide\" animation_direction=\"left\" animation_delay=\"10ms\" header_3_text_align_tablet=\"center\" header_3_text_align_phone=\"\" header_3_text_align_last_edited=\"on|tablet\" global_colors_info=\"{}\"]<\/p>\n<h3>Avez-vous des questions pour nous?<\/h3>\n<p>[\/et_pb_text][\/et_pb_column][et_pb_column type=\"2_5&Prime; _builder_version=\"4.16&Prime; _module_preset=\"default\" custom_css_main_element=\"margin:auto;\" global_colors_info=\"{}\"][et_pb_button button_url=\"@ET-DC@eyJkeW5hbWljIjp0cnVlLCJjb250ZW50IjoicG9zdF9saW5rX3VybF9wYWdlIiwic2V0dGluZ3MiOnsicG9zdF9pZCI6IjE1MiJ9fQ==@\" button_text=\"Contacter\" button_alignment=\"right\" button_alignment_tablet=\"center\" button_alignment_phone=\"\" button_alignment_last_edited=\"on|tablet\" _builder_version=\"4.16&Prime; _dynamic_attributes=\"button_url\" _module_preset=\"default\" custom_button=\"on\" button_text_size=\"16px\" button_text_color=\"#005da8&Prime; button_bg_color=\"#ffffff\" button_border_width=\"0px\" button_border_color=\"rgba(0,0,0,0)\" button_border_radius=\"5px\" button_letter_spacing=\"0px\" button_font=\"|600|||||||\" button_use_icon=\"off\" custom_margin_tablet=\"15px||||false|false\" custom_margin_phone=\"\" custom_margin_last_edited=\"on|tablet\" custom_padding=\"15px|45px|15px|45px|true|true\" animation_style=\"slide\" animation_direction=\"right\" animation_delay=\"10ms\" box_shadow_style=\"preset3&Prime; box_shadow_color=\"rgba(255,255,255,0.48)\" locked=\"off\" global_colors_info=\"{}\" button_bg_color__hover_enabled=\"off|desktop\" button_text_color__hover_enabled=\"off|desktop\" button_text_color__hover=\"#ffffff\" button_bg_color__hover=\"#29b2b8&Prime; button_bg_enable_color__hover=\"on\" button_border_color__hover_enabled=\"off|desktop\" button_border_color__hover=\"#ffffff\" box_shadow_blur__hover_enabled=\"on|desktop\" box_shadow_blur__hover=\"42px\" transform_styles__hover_enabled=\"on|desktop\" transform_scale__hover_enabled=\"on|desktop\" transform_translate__hover_enabled=\"on|desktop\" transform_rotate__hover_enabled=\"on|desktop\" transform_skew__hover_enabled=\"on|desktop\" transform_origin__hover_enabled=\"on|desktop\" transform_scale__hover=\"95%|95%\"][\/et_pb_button][\/et_pb_column][\/et_pb_row][\/et_pb_section]<\/p>\n","protected":false},"excerpt":{"rendered":"<p>Notre \u00e9quipeLa famille Adam s&rsquo;harmonise tr\u00e8s bien et tire \u00e0 la m\u00eame corde. Nous aimerions partager notre amour de l&rsquo;\u00c9gypte avec vous. Avec notre \u00e9quipe et nos partenaires dans toute l&rsquo;\u00c9gypte, nous veillons \u00e0 ce que vous puissiez vivre des moments inoubliables dans le pays de nos c\u0153urs et faire le plein d&rsquo;\u00e9nergie positive.Avez-vous des [&hellip;]<\/p>\n","protected":false},"author":1,"featured_media":0,"parent":0,"menu_order":0,"comment_status":"closed","ping_status":"closed","template":"","meta":{"_et_pb_use_builder":"on","_et_pb_old_content":"","_et_gb_content_width":"","footnotes":""},"class_list":["post-2042","page","type-page","status-publish","hentry"],"_links":{"self":[{"href":"https:\/\/adamtravel.ch\/fr\/wp-json\/wp\/v2\/pages\/2042","targetHints":{"allow":["GET"]}}],"collection":[{"href":"https:\/\/adamtravel.ch\/fr\/wp-json\/wp\/v2\/pages"}],"about":[{"href":"https:\/\/adamtravel.ch\/fr\/wp-json\/wp\/v2\/types\/page"}],"author":[{"embeddable":true,"href":"https:\/\/adamtravel.ch\/fr\/wp-json\/wp\/v2\/users\/1"}],"replies":[{"embeddable":true,"href":"https:\/\/adamtravel.ch\/fr\/wp-json\/wp\/v2\/comments?post=2042"}],"version-history":[{"count":11,"href":"https:\/\/adamtravel.ch\/fr\/wp-json\/wp\/v2\/pages\/2042\/revisions"}],"predecessor-version":[{"id":10854,"href":"https:\/\/adamtravel.ch\/fr\/wp-json\/wp\/v2\/pages\/2042\/revisions\/10854"}],"wp:attachment":[{"href":"https:\/\/adamtravel.ch\/fr\/wp-json\/wp\/v2\/media?parent=2042"}],"curies":[{"name":"wp","href":"https:\/\/api.w.org\/{rel}","templated":true}]}}