{"id":2079,"date":"2021-11-05T18:20:33","date_gmt":"2021-11-05T18:20:33","guid":{"rendered":"https:\/\/adamtravel.ch\/?page_id=2079"},"modified":"2025-09-06T17:41:38","modified_gmt":"2025-09-06T15:41:38","slug":"a-propos","status":"publish","type":"page","link":"https:\/\/adamtravel.ch\/fr\/a-propos\/","title":{"rendered":"\u00e0 propos de nous"},"content":{"rendered":"<p>[et_pb_section fb_built=\"1&Prime; next_background_color=\"#ffffff\" _builder_version=\"4.22.1&Prime; _module_preset=\"default\" background_enable_color=\"off\" use_background_color_gradient=\"on\" background_color_gradient_stops=\"#005da8 0%|rgba(0,0,0,0.53) 100%\" background_color_gradient_overlays_image=\"on\" background_color_gradient_start=\"#005da8&Prime; background_color_gradient_end=\"rgba(0,0,0,0.53)\" background_image=\"https:\/\/adamtravel.ch\/staging\/wp-content\/uploads\/2021\/10\/Header3-scaled.jpg\" custom_padding=\"103px||152px||false|\" bottom_divider_style=\"wave2&Prime; locked=\"off\" global_colors_info=\"{}\"][et_pb_row _builder_version=\"4.16&Prime; _module_preset=\"default\" global_colors_info=\"{}\"][et_pb_column type=\"4_4&Prime; _builder_version=\"4.16&Prime; _module_preset=\"default\" global_colors_info=\"{}\"][et_pb_text _builder_version=\"4.16&Prime; _dynamic_attributes=\"content\" _module_preset=\"default\" header_font=\"Cabin|700|||||||\" header_text_align=\"center\" header_text_color=\"#ffffff\" header_font_size=\"70px\" animation_style=\"zoom\" animation_delay=\"10ms\" header_font_size_tablet=\"60px\" header_font_size_phone=\"50px\" header_font_size_last_edited=\"on|phone\" global_colors_info=\"{}\" header_font_size__hover_enabled=\"off|desktop\"]@ET-DC@eyJkeW5hbWljIjp0cnVlLCJjb250ZW50IjoicG9zdF90aXRsZSIsInNldHRpbmdzIjp7ImJlZm9yZSI6IjxoMT4iLCJhZnRlciI6IjxoMT4ifX0=@[\/et_pb_text][\/et_pb_column][\/et_pb_row][\/et_pb_section][et_pb_section fb_built=\"1&Prime; _builder_version=\"4.16&Prime; _module_preset=\"default\" custom_padding=\"||25px||false|false\" global_colors_info=\"{}\"][et_pb_row column_structure=\"3_5,2_5&Prime; _builder_version=\"4.16&Prime; _module_preset=\"default\" global_colors_info=\"{}\"][et_pb_column type=\"3_5&Prime; _builder_version=\"4.16&Prime; _module_preset=\"default\" global_colors_info=\"{}\"][et_pb_image src=\"https:\/\/adamtravel.ch\/wp-content\/uploads\/2021\/10\/Kairo-Museum-Mumie.jpg\" title_text=\"Momie du mus\u00e9e du Caire\" _builder_version=\"4.16&Prime; _module_preset=\"default\" global_colors_info=\"{}\"][\/et_pb_image][\/et_pb_column][et_pb_column type=\"2_5&Prime; _builder_version=\"4.16&Prime; _module_preset=\"default\" global_colors_info=\"{}\"][et_pb_text _builder_version=\"4.22.1&Prime; _module_preset=\"default\" text_font=\"|300|||||||\" text_text_color=\"#FFFFFF\" background_color=\"#0c71c3&Prime; custom_padding=\"10px|||10px|false|false\" border_radii=\"on|8px|8px|8px|8px\" global_colors_info=\"{}\"]<\/p>\n<h3><span style=\"color: #ffffff;\">\u00c0 propos de moi<\/span><\/h3>\n<p>[\/et_pb_text][et_pb_text _builder_version=\"4.22.1&Prime; _module_preset=\"default\" locked=\"off\" global_colors_info=\"{}\"]<\/p>\n<div id=\"attachment_1463\" style=\"width: 120px\" class=\"wp-caption alignnone\"><img decoding=\"async\" aria-describedby=\"caption-attachment-1463\" class=\"wp-image-274\" src=\"https:\/\/spcdn.shortpixel.ai\/spio\/ret_img,q_cdnize,to_auto,s_webp:avif\/adamtravel.ch\/staging\/wp-content\/uploads\/2021\/07\/Tarek-Adam-300x300.jpg\" alt=\"\" width=\"110\" height=\"110\" title=\"\" srcset=\"https:\/\/spcdn.shortpixel.ai\/spio\/ret_img,q_cdnize,to_auto,s_webp:avif\/adamtravel.ch\/wp-content\/uploads\/2021\/07\/Tarek-Adam-300x300.jpg 300w, https:\/\/spcdn.shortpixel.ai\/spio\/ret_img,q_cdnize,to_auto,s_webp:avif\/adamtravel.ch\/wp-content\/uploads\/2021\/07\/Tarek-Adam-150x150.jpg 150w, https:\/\/spcdn.shortpixel.ai\/spio\/ret_img,q_cdnize,to_auto,s_webp:avif\/adamtravel.ch\/wp-content\/uploads\/2021\/07\/Tarek-Adam-480x480.jpg 480w, https:\/\/spcdn.shortpixel.ai\/spio\/ret_img,q_cdnize,to_auto,s_webp:avif\/adamtravel.ch\/wp-content\/uploads\/2021\/07\/Tarek-Adam.jpg 512w\" sizes=\"(max-width: 110px) 100vw, 110px\" \/><p id=\"caption-attachment-1463\" class=\"wp-caption-text\">Tarek Adam<\/p><\/div>\n<p>Je m&rsquo;appelle Tarek Adam, j&rsquo;aime mon pays de c\u0153ur, l&rsquo;\u00c9gypte, et je suis tr\u00e8s familier avec les attentes suisses. Avec ma famille suisse, je r\u00e9unis deux cultures. Je travaille dans le secteur du voyage depuis 1993 et je fais toujours la navette entre l&rsquo;\u00c9gypte et la Suisse. Ces derni\u00e8res ann\u00e9es, j&rsquo;ai travaill\u00e9 ici en Suisse dans le domaine de la migration. Durant cette p\u00e9riode, j&rsquo;ai acquis de superbes exp\u00e9riences et j&rsquo;ai surtout eu beaucoup de plaisir \u00e0 aider et \u00e0 soutenir les gens \u00e0 diff\u00e9rentes \u00e9tapes de leur vie. Les coll\u00e8gues formidables sont m\u00eame souvent devenus des amis pour la vie.<\/p>\n<p>Maintenant que le tourisme en \u00c9gypte red\u00e9marre, mon activit\u00e9 de guide \/ organisateur me manque et je retourne \u00e0 ma vocation avec plus de passion et de nostalgie. Je me r\u00e9jouis de pouvoir choyer mes h\u00f4tes comme toujours et de veiller \u00e0 ce qu&rsquo;ils fassent le plein d&rsquo;\u00e9nergie positive et vivent des moments inoubliables en \u00c9gypte - je m&rsquo;y engage par mon nom !<\/p>\n<p>[\/et_pb_text][\/et_pb_column][\/et_pb_row][et_pb_row _builder_version=\"4.16&Prime; _module_preset=\"default\" global_colors_info=\"{}\"][et_pb_column type=\"4_4&Prime; _builder_version=\"4.16&Prime; _module_preset=\"default\" global_colors_info=\"{}\"][et_pb_text _builder_version=\"4.27.4&Prime; _module_preset=\"default\" text_font=\"||||||||\" text_text_color=\"#000000&Prime; text_font_size=\"15px\" text_line_height=\"1.9em\" animation_style=\"slide\" animation_direction=\"left\" animation_duration=\"600ms\" animation_delay=\"10ms\" hover_enabled=\"0&Prime; text_orientation_tablet=\"left\" text_orientation_last_edited=\"off|tablet\" locked=\"off\" global_colors_info=\"{}\" sticky_enabled=\"0&Prime;]<\/p>\n<p><strong>AdamTravel est votre sp\u00e9cialiste pour des voyages inoubliables en Egypte. Nous sommes une entreprise suisse \u00e0 la chaleur \u00e9gyptienne, sp\u00e9cialis\u00e9e dans les circuits individuels en Egypte. D\u00e8s votre arriv\u00e9e \u00e0 l&rsquo;a\u00e9roport \u00e9gyptien ou depuis l&rsquo;a\u00e9roport suisse, vos d\u00e9placements seront encadr\u00e9s et accompagn\u00e9s 24h\/24 par des sp\u00e9cialistes et experts. Nous avons soigneusement \u00e9labor\u00e9 pour vous tous les programmes de voyage.<\/strong><\/p>\n<p><span>En plus de nos forfaits<\/span><span> nous proposons \u00e9galement des circuits sur mesure et des voyages de groupe sur demande. Nous sommes impatients de concevoir avec vous le voyage de vos r\u00eaves !<\/span><\/p>\n<p><span>Nous s\u00e9lectionnons les compagnies a\u00e9riennes, les h\u00f4tels, les v\u00e9hicules de transport et le personnel avec un \u0153il exp\u00e9riment\u00e9 : nous travaillons toujours avec les meilleurs.<\/span><\/p>\n<p><span>Nos experts en histoire \u00e9gyptienne, tous \u00e9gyptologues de formation, vous accompagnent dans toutes vos exp\u00e9ditions arch\u00e9ologiques. La satisfaction de nos clients passe avant tout. Pour les groupes exclusifs et ferm\u00e9s - et sur demande - je vous accompagnerai volontiers personnellement de la Suisse \u00e0 l&rsquo;\u00c9gypte et vice-versa. Votre voyage commence en toute confiance. <\/span><\/p>\n<p><span>Avec nous, vous ferez l&rsquo;exp\u00e9rience de notre amour pour l&rsquo;Egypte. Vous d\u00e9couvrirez le pass\u00e9, les monuments uniques tels que les pyramides de Gizeh et le Sphinx, Louxor ou les temples de Karnak, Edfou et Abou Simbel sur les meilleurs circuits individuels. Vous serez inspir\u00e9 et vous obtiendrez un aper\u00e7u inoubliable du pays et de ses magnifiques paysages - des montagnes color\u00e9es du Sina\u00ef au d\u00e9sert, o\u00f9 le merveilleux ciel \u00e9toil\u00e9 semble si proche, comme si vous pouviez voir les nombreuses \u00e9toiles filantes et le calme absolument silence dans lequel le silence est presque audible.<\/span><\/p>\n<p><span>L&rsquo;Egypte, entour\u00e9e de deux mers merveilleuses, avec 995 km de c\u00f4tes sur la mer M\u00e9diterran\u00e9e et 1941 km de c\u00f4tes sur la mer Rouge avec ses r\u00e9cifs coralliens paradisiaques, qui attirent les plongeurs du monde entier.<\/span><\/p>\n<p><span>Sans oublier l&rsquo;\u00e9poustouflant Nil, \u00e9galement connu sous le nom de \u00ab veine de la vie \u00bb, qui coule du sud au nord sur un tron\u00e7on inspirant de 1200 km \u00e0 travers l&rsquo;\u00c9gypte. Le Nil, qui a toujours \u00e9t\u00e9 une grande inspiration pour les po\u00e8tes et les po\u00e8tes et attire les amoureux. Gr\u00e2ce \u00e0 365 jours de soleil par an, l&rsquo;Egypte est dou\u00e9e de fertilit\u00e9. Cette g\u00e9n\u00e9rosit\u00e9 de la nature fa\u00e7onne le caract\u00e8re de la population \u00e9gyptienne et en fait des h\u00f4tes heureux, courtois, amicaux et merveilleux.<\/span><\/p>\n<p><span><\/span><\/p>\n<p><em><strong>Dons caritatifs : Pour chaque r\u00e9servation nous reversons un montant \u00e0 : \u00ab <a href=\"https:\/\/www.presidency.eg\/en\/%D8%A7%D9%84%D8%B1%D8%A6%D8%A7%D8%B3%D8%A9\/%D8%AA%D8%AD%D9%8A%D8%A7-%D9%85%D8%B5%D8%B1\/\" target=\"_blank\" rel=\"noopener\">Tahya Misr Fund<\/a> \u00bb <\/strong><\/em><\/p>\n<p><em><strong><img decoding=\"async\" src=\"https:\/\/spcdn.shortpixel.ai\/spio\/ret_img,q_cdnize,to_auto,s_webp:avif\/adamtravel.ch\/wp-content\/uploads\/2021\/11\/Tahya-Misr-Fund-300x187.png\" width=\"300\" height=\"187\" alt=\"\" class=\"wp-image-3084 alignnone size-medium\" title=\"\"><\/strong><\/em><\/p>\n<p>[\/et_pb_text][\/et_pb_column][\/et_pb_row][\/et_pb_section][et_pb_section fb_built=\"1&Prime; _builder_version=\"4.16&Prime; _module_preset=\"default\" locked=\"off\" global_colors_info=\"{}\"][et_pb_row column_structure=\"1_2,1_2&Prime; _builder_version=\"4.16&Prime; _module_preset=\"default\" custom_margin=\"||||false|false\" custom_padding=\"||0px||false|false\" locked=\"off\" global_colors_info=\"{}\"][et_pb_column type=\"1_2&Prime; _builder_version=\"4.16&Prime; _module_preset=\"default\" custom_css_main_element=\"margin: auto;\" global_colors_info=\"{}\"][et_pb_image src=\"https:\/\/adamtravel.ch\/wp-content\/uploads\/2021\/10\/Aegypten-Spirituelle-Riesen-Bau.jpg\" title_text=\"Egypte-Spirituel-G\u00e9ant-B\u00e2timent\" align=\"center\" align_tablet=\"left\" align_phone=\"\" align_last_edited=\"on|tablet\" _builder_version=\"4.16&Prime; _module_preset=\"default\" positioning=\"relative\" vertical_offset=\"0px\" width=\"90%\" custom_margin=\"25px||25px||true|false\" custom_padding=\"||||false|false\" animation_style=\"zoom\" animation_duration=\"1500ms\" animation_delay=\"50ms\" border_radii=\"on|7px|7px|7px|7px\" box_shadow_style=\"preset4&Prime; box_shadow_color=\"#0C71C3&Prime; locked=\"off\" global_colors_info=\"{}\"][\/et_pb_image][\/et_pb_column][et_pb_column type=\"1_2&Prime; _builder_version=\"4.16&Prime; _module_preset=\"default\" custom_css_main_element=\"margin: auto;\" global_colors_info=\"{}\"][et_pb_text _builder_version=\"4.16&Prime; _module_preset=\"default\" text_font=\"Cabin||||||||\" header_text_color=\"#0C71C3&Prime; header_2_font=\"Cabin|700|||||||\" header_2_text_color=\"#000000&Prime; header_2_font_size=\"46px\" header_3_font=\"Cabin|700|||||||\" header_3_text_color=\"#000000&Prime; header_3_font_size=\"44px\" header_3_line_height=\"1.3em\" custom_margin=\"||0px||false|false\" animation_style=\"slide\" animation_direction=\"right\" animation_delay=\"10ms\" header_3_font_size_tablet=\"40px\" header_3_font_size_phone=\"36px\" header_3_font_size_last_edited=\"on|phone\" global_colors_info=\"{}\"]<\/p>\n<h3>Nous travaillons avec les prestataires de services de voyage suivants :<\/h3>\n<p>[\/et_pb_text][et_pb_text _builder_version=\"4.16&Prime; _module_preset=\"default\" text_font=\"Muli||||||||\" text_text_color=\"#000000&Prime; text_font_size=\"15px\" text_line_height=\"1.9em\" animation_style=\"slide\" animation_direction=\"right\" animation_delay=\"10ms\" text_orientation_tablet=\"left\" text_orientation_last_edited=\"off|tablet\" global_colors_info=\"{}\"][\/et_pb_text][\/et_pb_column][\/et_pb_row][et_pb_row column_structure=\"1_3,1_3,1_3&Prime; _builder_version=\"4.16&Prime; _module_preset=\"default\" global_colors_info=\"{}\"][et_pb_column type=\"1_3&Prime; _builder_version=\"4.16&Prime; _module_preset=\"default\" global_colors_info=\"{}\"][et_pb_image src=\"https:\/\/adamtravel.ch\/wp-content\/uploads\/2021\/11\/Swiss-Airline.png\" title_text=\"Compagnie a\u00e9rienne suisse\" align=\"center\" _builder_version=\"4.16&Prime; _module_preset=\"default\" filter_saturate=\"0%\" global_colors_info=\"{}\" filter_saturate__hover_enabled=\"on|desktop\" filter_saturate__hover=\"100%\"][\/et_pb_image][\/et_pb_column][et_pb_column type=\"1_3&Prime; _builder_version=\"4.16&Prime; _module_preset=\"default\" global_colors_info=\"{}\"][et_pb_image src=\"https:\/\/adamtravel.ch\/wp-content\/uploads\/2021\/11\/Egypt-Air.png\" title_text=\"Egypt Air\" show_bottom_space=\"off\" align=\"center\" _builder_version=\"4.16&Prime; _module_preset=\"default\" module_alignment=\"center\" custom_margin=\"||||false|false\" custom_padding=\"||||false|false\" filter_saturate=\"0%\" global_colors_info=\"{}\" filter_saturate__hover_enabled=\"on|desktop\" filter_saturate__hover=\"100%\"][\/et_pb_image][\/et_pb_column][et_pb_column type=\"1_3&Prime; _builder_version=\"4.16&Prime; _module_preset=\"default\" global_colors_info=\"{}\"][et_pb_image src=\"https:\/\/adamtravel.ch\/wp-content\/uploads\/2021\/11\/Edelweiss-Air.png\" title_text=\"Edelweiss-Air\" align=\"center\" _builder_version=\"4.16&Prime; _module_preset=\"default\" filter_saturate=\"0%\" global_colors_info=\"{}\" filter_saturate__hover_enabled=\"on|desktop\" filter_saturate__hover=\"100%\"][\/et_pb_image][\/et_pb_column][\/et_pb_row][\/et_pb_section][et_pb_section fb_built=\"1&Prime; prev_background_color=\"#ffffff\" _builder_version=\"4.16&Prime; _module_preset=\"default\" background_enable_color=\"off\" use_background_color_gradient=\"on\" background_color_gradient_stops=\"rgba(0,93,168,0.44) 0%|rgba(224,153,0,0.78) 100%\" background_color_gradient_overlays_image=\"on\" background_color_gradient_start=\"rgba(0,93,168,0.44)\" background_color_gradient_end=\"rgba(224,153,0,0.78)\" background_image=\"https:\/\/adamtravel.ch\/wp-content\/uploads\/2021\/10\/Header3-1-scaled.jpg\" custom_margin=\"||||false|false\" custom_padding=\"70px||70px||true|false\" top_divider_style=\"wave2&Prime; top_divider_height=\"47px\" locked=\"off\" global_colors_info=\"{}\"][et_pb_row column_structure=\"3_5,2_5&Prime; _builder_version=\"4.16&Prime; _module_preset=\"default\" global_colors_info=\"{}\"][et_pb_column type=\"3_5&Prime; _builder_version=\"4.16&Prime; _module_preset=\"default\" custom_css_main_element=\"margin:auto;\" global_colors_info=\"{}\"][et_pb_text _builder_version=\"4.16&Prime; _module_preset=\"default\" header_3_font=\"Cabin||||||||\" header_3_text_color=\"#ffffff\" header_3_font_size=\"36px\" header_3_line_height=\"1.2em\" text_orientation_tablet=\"center\" text_orientation_phone=\"\" text_orientation_last_edited=\"on|tablet\" global_colors_info=\"{}\"]<\/p>\n<h3>\u00cates-vous pr\u00eat ou avez-vous des questions pour nous?<\/h3>\n<p>[\/et_pb_text][\/et_pb_column][et_pb_column type=\"2_5&Prime; _builder_version=\"4.16&Prime; _module_preset=\"default\" custom_css_main_element=\"margin:auto;\" global_colors_info=\"{}\"][et_pb_button button_url=\"@ET-DC@eyJkeW5hbWljIjp0cnVlLCJjb250ZW50IjoicG9zdF9saW5rX3VybF9wYWdlIiwic2V0dGluZ3MiOnsicG9zdF9pZCI6IjE1MiJ9fQ==@\" button_text=\"Contacter\" button_alignment=\"right\" button_alignment_tablet=\"center\" button_alignment_phone=\"\" button_alignment_last_edited=\"on|phone\" _builder_version=\"4.16&Prime; _dynamic_attributes=\"button_url\" _module_preset=\"default\" custom_button=\"on\" button_text_size=\"16px\" button_text_color=\"#E09900&Prime; button_bg_color=\"#ffffff\" button_border_width=\"0px\" button_border_color=\"rgba(0,0,0,0)\" button_border_radius=\"5px\" button_letter_spacing=\"0px\" button_font=\"|600|||||||\" button_use_icon=\"off\" custom_margin_tablet=\"15px||||false|false\" custom_margin_phone=\"\" custom_margin_last_edited=\"on|tablet\" custom_padding=\"15px|45px|15px|45px|true|true\" box_shadow_style=\"preset3&Prime; box_shadow_color=\"rgba(255,255,255,0.48)\" locked=\"off\" global_colors_info=\"{}\" button_bg_color__hover_enabled=\"off|desktop\" button_text_color__hover_enabled=\"off|desktop\" button_text_color__hover=\"#ffffff\" button_bg_color__hover=\"#29b2b8&Prime; button_bg_enable_color__hover=\"on\" button_border_color__hover_enabled=\"off|desktop\" button_border_color__hover=\"#ffffff\" box_shadow_blur__hover_enabled=\"on|desktop\" box_shadow_blur__hover=\"42px\" transform_styles__hover_enabled=\"on|desktop\" transform_scale__hover_enabled=\"on|desktop\" transform_translate__hover_enabled=\"on|desktop\" transform_rotate__hover_enabled=\"on|desktop\" transform_skew__hover_enabled=\"on|desktop\" transform_origin__hover_enabled=\"on|desktop\" transform_scale__hover=\"95%|95%\"][\/et_pb_button][\/et_pb_column][\/et_pb_row][\/et_pb_section]<\/p>\n","protected":false},"excerpt":{"rendered":"<p>\u00c0 propos de moi Je m&rsquo;appelle Tarek Adam, j&rsquo;aime mon pays de c\u0153ur, l&rsquo;\u00c9gypte, et je suis tr\u00e8s familier avec les attentes suisses. Avec ma famille suisse, je r\u00e9unis deux cultures. Je travaille dans le secteur du voyage depuis 1993 et je fais toujours la navette entre l&rsquo;\u00c9gypte et la Suisse. Ces derni\u00e8res ann\u00e9es, j&rsquo;ai [&hellip;]<\/p>\n","protected":false},"author":1,"featured_media":0,"parent":0,"menu_order":0,"comment_status":"closed","ping_status":"closed","template":"","meta":{"_et_pb_use_builder":"on","_et_pb_old_content":"","_et_gb_content_width":"","footnotes":""},"class_list":["post-2079","page","type-page","status-publish","hentry"],"_links":{"self":[{"href":"https:\/\/adamtravel.ch\/fr\/wp-json\/wp\/v2\/pages\/2079","targetHints":{"allow":["GET"]}}],"collection":[{"href":"https:\/\/adamtravel.ch\/fr\/wp-json\/wp\/v2\/pages"}],"about":[{"href":"https:\/\/adamtravel.ch\/fr\/wp-json\/wp\/v2\/types\/page"}],"author":[{"embeddable":true,"href":"https:\/\/adamtravel.ch\/fr\/wp-json\/wp\/v2\/users\/1"}],"replies":[{"embeddable":true,"href":"https:\/\/adamtravel.ch\/fr\/wp-json\/wp\/v2\/comments?post=2079"}],"version-history":[{"count":2,"href":"https:\/\/adamtravel.ch\/fr\/wp-json\/wp\/v2\/pages\/2079\/revisions"}],"predecessor-version":[{"id":10739,"href":"https:\/\/adamtravel.ch\/fr\/wp-json\/wp\/v2\/pages\/2079\/revisions\/10739"}],"wp:attachment":[{"href":"https:\/\/adamtravel.ch\/fr\/wp-json\/wp\/v2\/media?parent=2079"}],"curies":[{"name":"wp","href":"https:\/\/api.w.org\/{rel}","templated":true}]}}