{"id":2411,"date":"2021-11-05T18:24:08","date_gmt":"2021-11-05T18:24:08","guid":{"rendered":"https:\/\/adamtravel.ch\/?page_id=2411"},"modified":"2025-09-06T18:03:02","modified_gmt":"2025-09-06T16:03:02","slug":"imprimer","status":"publish","type":"page","link":"https:\/\/adamtravel.ch\/fr\/imprimer\/","title":{"rendered":"imprimer"},"content":{"rendered":"<p>[et_pb_section fb_built=\"1&Prime; next_background_color=\"#ffffff\" _builder_version=\"4.16&Prime; _module_preset=\"default\" background_enable_color=\"off\" use_background_color_gradient=\"on\" background_color_gradient_stops=\"rgba(0,0,0,0.61) 0%|rgba(0,0,0,0.53) 100%\" background_color_gradient_overlays_image=\"on\" background_color_gradient_start=\"rgba(0,0,0,0.61)\" background_color_gradient_end=\"rgba(0,0,0,0.53)\" background_image=\"https:\/\/adamtravel.ch\/wp-content\/uploads\/2021\/10\/Header_3.jpg\" custom_padding=\"103px||152px||false|\" bottom_divider_style=\"wave2&Prime; locked=\"off\" global_colors_info=\"{}\"][et_pb_row _builder_version=\"4.16&Prime; _module_preset=\"default\" global_colors_info=\"{}\"][et_pb_column type=\"4_4&Prime; _builder_version=\"4.16&Prime; _module_preset=\"default\" global_colors_info=\"{}\"][et_pb_text _builder_version=\"4.16&Prime; _dynamic_attributes=\"content\" _module_preset=\"default\" header_font=\"Cabin|700|||||||\" header_text_align=\"center\" header_text_color=\"#ffffff\" header_font_size=\"70px\" animation_style=\"zoom\" animation_delay=\"10ms\" header_font_size_tablet=\"60px\" header_font_size_phone=\"50px\" header_font_size_last_edited=\"on|phone\" global_colors_info=\"{}\" header_font_size__hover_enabled=\"off|desktop\"]@ET-DC@eyJkeW5hbWljIjp0cnVlLCJjb250ZW50IjoicG9zdF90aXRsZSIsInNldHRpbmdzIjp7ImJlZm9yZSI6IjxoMT4iLCJhZnRlciI6IjxoMT4ifX0=@[\/et_pb_text][\/et_pb_column][\/et_pb_row][\/et_pb_section][et_pb_section fb_built=\"1&Prime; admin_label=\"section\" _builder_version=\"4.16&Prime; custom_padding=\"||||false|false\" global_colors_info=\"{}\"][et_pb_row admin_label=\"ligne\" _builder_version=\"4.16&Prime; background_color=\"#FFFFFF\" background_size=\"initial\" background_position=\"top_left\" background_repeat=\"repeat\" custom_margin=\"-180px||||false|false\" custom_padding=\"25px|25px|25px|25px|true|true\" border_radii=\"on|12px|12px|12px|12px\" box_shadow_style=\"preset1&Prime; box_shadow_blur=\"42px\" box_shadow_color=\"rgba(110,130,208,0.17)\" global_colors_info=\"{}\"][et_pb_column type=\"4_4&Prime; _builder_version=\"4.16&Prime; custom_padding=\"|||\" global_colors_info=\"{}\" custom_padding__hover=\"|||\"][et_pb_text admin_label=\"Text\" _builder_version=\"4.22.1&Prime; text_font=\"Cabin||||||||\" text_text_color=\"#000000&Prime; text_font_size=\"15px\" text_line_height=\"1.9em\" ul_font=\"Montserrat||||||||\" header_font=\"Cabin||||||||\" header_2_font=\"Cabin|700|||||||\" header_2_line_height=\"1.3em\" header_3_font=\"Cabin||||||||\" header_3_text_color=\"#000000&Prime; header_3_font_size=\"24px\" header_3_line_height=\"1.2em\" background_size=\"initial\" background_position=\"top_left\" background_repeat=\"repeat\" animation_style=\"slide\" animation_direction=\"bottom\" animation_delay=\"10ms\" global_colors_info=\"{}\"]<\/p>\n<h2 id=\"m46\">Fournisseur de services<\/h2>\n<p>Tarek Adam, AdamVoyage<\/p>\n<p>Fuchsenried 15<\/p>\n<p>2504 Biel-Bienne<\/p>\n<p>la Suisse<\/p>\n<h2 id=\"m56\">Possibilit\u00e9s de contact<\/h2>\n<p>Adresse e-mail : <a href=\"mailto:info@adamtravel.ch\">info@adamtravel.ch<\/a><\/p>\n<p>T\u00e9l\u00e9phone : 0791210404<\/p>\n<h2 id=\"m58\">D\u00e9tails de l&rsquo;entreprise<\/h2>\n<p>Num\u00e9ro d&rsquo;identification fiscale (USt-ID)&nbsp;: CHE-344.087.723<\/p>\n<h2 id=\"m151\">Inscription et num\u00e9ro d&rsquo;inscription<\/h2>\n<p>registre du commerce<\/p>\n<p>Num\u00e9ro : UID 344.087.723<\/p>\n<h2 id=\"m65\">Avis de responsabilit\u00e9 et de droits de propri\u00e9t\u00e9<\/h2>\n<p>Clause de non- <strong>responsabilit\u00e9<\/strong> : Le contenu de cette offre en ligne a \u00e9t\u00e9 cr\u00e9\u00e9 avec soin et selon l&rsquo;\u00e9tat actuel de nos connaissances, mais est uniquement \u00e0 des fins d&rsquo;information et n&rsquo;a aucun effet juridiquement contraignant \u00e0 moins qu&rsquo;il ne s&rsquo;agisse d&rsquo;informations juridiquement contraignantes (par exemple, l&#8217;empreinte, la d\u00e9claration de protection des donn\u00e9es, les conditions et conditions ou instructions obligatoires des consommateurs). Nous nous r\u00e9servons le droit de modifier ou de supprimer le contenu en tout ou en partie, \u00e0 condition que les obligations contractuelles ne soient pas affect\u00e9es. Toutes les offres sont sans engagement.<\/p>\n<p><strong>Liens vers des sites Web externes<\/strong> : Le contenu des sites Web externes auxquels nous nous r\u00e9f\u00e9rons directement ou indirectement est en dehors de notre domaine de responsabilit\u00e9 et nous ne les adoptons pas comme les n\u00f4tres. Nous ne sommes pas responsables du contenu ou des inconv\u00e9nients r\u00e9sultant de l&rsquo;utilisation des informations disponibles sur les sites Web li\u00e9s.<\/p>\n<p><strong>Droits d&rsquo;auteur et droits des marques<\/strong> : Tous les contenus pr\u00e9sent\u00e9s sur ce site, tels que les textes, photographies, graphiques, marques et marques, sont prot\u00e9g\u00e9s par les droits de propri\u00e9t\u00e9 respectifs (droits d&rsquo;auteur, droits des marques). L&rsquo;utilisation, la reproduction, etc. sont soumises \u00e0 nos droits ou aux droits des auteurs ou titulaires de droits respectifs.<\/p>\n<h2><\/h2>\n<h2 id=\"m2537\">Conception et r\u00e9alisation de sites Web&nbsp;:<\/h2>\n<blockquote>\n<p> <a href=\"anitapascarella.ch\"> anitapascarella.ch <\/a><br \/>Anita Pascarella, Rubigen<\/p>\n<\/blockquote>\n<p>&nbsp;<\/p>\n<p class=\"seal\">[\/et_pb_text][\/et_pb_column][\/et_pb_row][et_pb_row _builder_version=\"4.22.1&Prime; _module_preset=\"default\"][et_pb_column _builder_version=\"4.22.1&Prime; _module_preset=\"default\" type=\"4_4&Prime;][\/et_pb_column][\/et_pb_row][\/et_pb_section][et_pb_section fb_built=\"1&Prime; prev_background_color=\"#ffffff\" _builder_version=\"4.16&Prime; _module_preset=\"default\" background_enable_color=\"off\" use_background_color_gradient=\"on\" background_color_gradient_stops=\"rgba(0,93,168,0.44) 0%|rgba(224,153,0,0.78) 100%\" background_color_gradient_overlays_image=\"on\" background_color_gradient_start=\"rgba(0,93,168,0.44)\" background_color_gradient_end=\"rgba(224,153,0,0.78)\" background_image=\"https:\/\/adamtravel.ch\/wp-content\/uploads\/2021\/10\/Header3-1-scaled.jpg\" custom_margin=\"||||false|false\" custom_padding=\"70px||70px||true|false\" top_divider_style=\"wave2&Prime; top_divider_height=\"47px\" locked=\"off\" global_colors_info=\"{}\"][et_pb_row column_structure=\"3_5,2_5&Prime; use_custom_gutter=\"on\" gutter_width=\"2&Prime; make_equal=\"on\" _builder_version=\"4.16&Prime; _module_preset=\"default\" global_colors_info=\"{}\"][et_pb_column type=\"3_5&Prime; _builder_version=\"4.16&Prime; _module_preset=\"default\" custom_css_main_element=\"margin:auto;\" global_colors_info=\"{}\"][et_pb_text _builder_version=\"4.16&Prime; _module_preset=\"default\" header_3_font=\"Cabin||||||||\" header_3_text_color=\"#ffffff\" header_3_font_size=\"36px\" header_3_line_height=\"1.2em\" text_orientation_tablet=\"center\" text_orientation_phone=\"\" text_orientation_last_edited=\"on|tablet\" global_colors_info=\"{}\"]<\/p>\n<h3>\u00cates-vous pr\u00eat ou avez-vous des questions pour nous?<\/h3>\n<p>[\/et_pb_text][\/et_pb_column][et_pb_column type=\"2_5&Prime; _builder_version=\"4.16&Prime; _module_preset=\"default\" custom_css_main_element=\"margin:auto;\" global_colors_info=\"{}\"][et_pb_button button_url=\"@ET-DC@eyJkeW5hbWljIjp0cnVlLCJjb250ZW50IjoicG9zdF9saW5rX3VybF9wYWdlIiwic2V0dGluZ3MiOnsicG9zdF9pZCI6IjE1MiJ9fQ==@\" button_text=\"Contacter\" button_alignment=\"right\" button_alignment_tablet=\"center\" button_alignment_phone=\"\" button_alignment_last_edited=\"on|phone\" _builder_version=\"4.16&Prime; _dynamic_attributes=\"button_url\" _module_preset=\"default\" custom_button=\"on\" button_text_size=\"16px\" button_text_color=\"#E09900&Prime; button_bg_color=\"#ffffff\" button_border_width=\"0px\" button_border_color=\"rgba(0,0,0,0)\" button_border_radius=\"5px\" button_letter_spacing=\"0px\" button_font=\"|600|||||||\" button_use_icon=\"off\" custom_margin_tablet=\"15px||||false|false\" custom_margin_phone=\"\" custom_margin_last_edited=\"on|tablet\" custom_padding=\"15px|45px|15px|45px|true|true\" box_shadow_style=\"preset3&Prime; box_shadow_color=\"rgba(255,255,255,0.48)\" locked=\"off\" global_colors_info=\"{}\" button_bg_color__hover_enabled=\"off|desktop\" button_text_color__hover_enabled=\"off|desktop\" button_text_color__hover=\"#ffffff\" button_bg_color__hover=\"#29b2b8&Prime; button_bg_enable_color__hover=\"on\" button_border_color__hover_enabled=\"off|desktop\" button_border_color__hover=\"#ffffff\" box_shadow_blur__hover_enabled=\"on|desktop\" box_shadow_blur__hover=\"42px\" transform_styles__hover_enabled=\"on|desktop\" transform_scale__hover_enabled=\"on|desktop\" transform_translate__hover_enabled=\"on|desktop\" transform_rotate__hover_enabled=\"on|desktop\" transform_skew__hover_enabled=\"on|desktop\" transform_origin__hover_enabled=\"on|desktop\" transform_scale__hover=\"95%|95%\"][\/et_pb_button][\/et_pb_column][\/et_pb_row][\/et_pb_section]<\/p>\n","protected":false},"excerpt":{"rendered":"<p>Fournisseur de services Tarek Adam, AdamVoyage Fuchsenried 15 2504 Biel-Bienne la Suisse Possibilit\u00e9s de contact Adresse e-mail : info@adamtravel.ch T\u00e9l\u00e9phone : 0791210404 D\u00e9tails de l&rsquo;entreprise Num\u00e9ro d&rsquo;identification fiscale (USt-ID)&nbsp;: CHE-344.087.723 Inscription et num\u00e9ro d&rsquo;inscription registre du commerce Num\u00e9ro : UID 344.087.723 Avis de responsabilit\u00e9 et de droits de propri\u00e9t\u00e9 Clause de non- responsabilit\u00e9 : Le [&hellip;]<\/p>\n","protected":false},"author":1,"featured_media":0,"parent":0,"menu_order":0,"comment_status":"closed","ping_status":"closed","template":"","meta":{"_et_pb_use_builder":"on","_et_pb_old_content":"","_et_gb_content_width":"","footnotes":""},"class_list":["post-2411","page","type-page","status-publish","hentry"],"_links":{"self":[{"href":"https:\/\/adamtravel.ch\/fr\/wp-json\/wp\/v2\/pages\/2411","targetHints":{"allow":["GET"]}}],"collection":[{"href":"https:\/\/adamtravel.ch\/fr\/wp-json\/wp\/v2\/pages"}],"about":[{"href":"https:\/\/adamtravel.ch\/fr\/wp-json\/wp\/v2\/types\/page"}],"author":[{"embeddable":true,"href":"https:\/\/adamtravel.ch\/fr\/wp-json\/wp\/v2\/users\/1"}],"replies":[{"embeddable":true,"href":"https:\/\/adamtravel.ch\/fr\/wp-json\/wp\/v2\/comments?post=2411"}],"version-history":[{"count":9,"href":"https:\/\/adamtravel.ch\/fr\/wp-json\/wp\/v2\/pages\/2411\/revisions"}],"predecessor-version":[{"id":10900,"href":"https:\/\/adamtravel.ch\/fr\/wp-json\/wp\/v2\/pages\/2411\/revisions\/10900"}],"wp:attachment":[{"href":"https:\/\/adamtravel.ch\/fr\/wp-json\/wp\/v2\/media?parent=2411"}],"curies":[{"name":"wp","href":"https:\/\/api.w.org\/{rel}","templated":true}]}}