{"id":2105,"date":"2021-11-05T18:20:37","date_gmt":"2021-11-05T18:20:37","guid":{"rendered":"https:\/\/adamtravel.ch\/?page_id=2105"},"modified":"2025-09-06T18:03:00","modified_gmt":"2025-09-06T16:03:00","slug":"chi-siamo","status":"publish","type":"page","link":"https:\/\/adamtravel.ch\/it\/chi-siamo\/","title":{"rendered":"chi siamo"},"content":{"rendered":"<p>[et_pb_section fb_built=\"1&#8243; next_background_color=\"#ffffff\" _builder_version=\"4.22.1&#8243; _module_preset=\"default\" background_enable_color=\"off\" use_background_color_gradient=\"on\" background_color_gradient_stops=\"#005da8 0%|rgba(0,0,0,0.53) 100%\" background_color_gradient_overlays_image=\"on\" background_color_gradient_start=\"#005da8&#8243; background_color_gradient_end=\"rgba(0,0,0,0.53)\" background_image=\"https:\/\/adamtravel.ch\/staging\/wp-content\/uploads\/2021\/10\/Header3-scaled.jpg\" custom_padding=\"103px||152px||false|\" bottom_divider_style=\"wave2&#8243; locked=\"off\" global_colors_info=\"{}\"][et_pb_row _builder_version=\"4.16&#8243; _module_preset=\"default\" global_colors_info=\"{}\"][et_pb_column type=\"4_4&#8243; _builder_version=\"4.16&#8243; _module_preset=\"default\" global_colors_info=\"{}\"][et_pb_text _builder_version=\"4.16&#8243; _dynamic_attributes=\"content\" _module_preset=\"default\" header_font=\"Cabin|700|||||||\" header_text_align=\"center\" header_text_color=\"#ffffff\" header_font_size=\"70px\" animation_style=\"zoom\" animation_delay=\"10ms\" header_font_size_tablet=\"60px\" header_font_size_phone=\"50px\" header_font_size_last_edited=\"on|phone\" global_colors_info=\"{}\" header_font_size__hover_enabled=\"off|desktop\"]@ET-DC@eyJkeW5hbWljIjp0cnVlLCJjb250ZW50IjoicG9zdF90aXRsZSIsInNldHRpbmdzIjp7ImJlZm9yZSI6IjxoMT4iLCJhZnRlciI6IjxoMT4ifX0=@[\/et_pb_text][\/et_pb_column][\/et_pb_row][\/et_pb_section][et_pb_section fb_built=\"1&#8243; _builder_version=\"4.16&#8243; _module_preset=\"default\" custom_padding=\"||25px||false|false\" global_colors_info=\"{}\"][et_pb_row column_structure=\"3_5,2_5&#8243; _builder_version=\"4.16&#8243; _module_preset=\"default\" global_colors_info=\"{}\"][et_pb_column type=\"3_5&#8243; _builder_version=\"4.16&#8243; _module_preset=\"default\" global_colors_info=\"{}\"][et_pb_image src=\"https:\/\/adamtravel.ch\/wp-content\/uploads\/2021\/10\/Kairo-Museum-Mumie.jpg\" title_text=\"Mummia del Museo del Cairo\" _builder_version=\"4.16&#8243; _module_preset=\"default\" global_colors_info=\"{}\"][\/et_pb_image][\/et_pb_column][et_pb_column type=\"2_5&#8243; _builder_version=\"4.16&#8243; _module_preset=\"default\" global_colors_info=\"{}\"][et_pb_text _builder_version=\"4.22.1&#8243; _module_preset=\"default\" text_font=\"|300|||||||\" text_text_color=\"#FFFFFF\" background_color=\"#0c71c3&#8243; custom_padding=\"10px|||10px|false|false\" border_radii=\"on|8px|8px|8px|8px\" global_colors_info=\"{}\"]<\/p>\n<h3><span style=\"color: #ffffff;\">Su di me<\/span><\/h3>\n<p>[\/et_pb_text][et_pb_text _builder_version=\"4.22.1&#8243; _module_preset=\"default\" locked=\"off\" global_colors_info=\"{}\"]<\/p>\n<div id=\"attachment_1464\" style=\"width: 120px\" class=\"wp-caption alignnone\"><img decoding=\"async\" aria-describedby=\"caption-attachment-1464\" class=\"wp-image-274\" src=\"https:\/\/spcdn.shortpixel.ai\/spio\/ret_img,q_cdnize,to_auto,s_webp:avif\/adamtravel.ch\/staging\/wp-content\/uploads\/2021\/07\/Tarek-Adam-300x300.jpg\" alt=\"\" width=\"110\" height=\"110\" title=\"\" srcset=\"https:\/\/spcdn.shortpixel.ai\/spio\/ret_img,q_cdnize,to_auto,s_webp:avif\/adamtravel.ch\/wp-content\/uploads\/2021\/07\/Tarek-Adam-300x300.jpg 300w, https:\/\/spcdn.shortpixel.ai\/spio\/ret_img,q_cdnize,to_auto,s_webp:avif\/adamtravel.ch\/wp-content\/uploads\/2021\/07\/Tarek-Adam-150x150.jpg 150w, https:\/\/spcdn.shortpixel.ai\/spio\/ret_img,q_cdnize,to_auto,s_webp:avif\/adamtravel.ch\/wp-content\/uploads\/2021\/07\/Tarek-Adam-480x480.jpg 480w, https:\/\/spcdn.shortpixel.ai\/spio\/ret_img,q_cdnize,to_auto,s_webp:avif\/adamtravel.ch\/wp-content\/uploads\/2021\/07\/Tarek-Adam.jpg 512w\" sizes=\"(max-width: 110px) 100vw, 110px\" \/><p id=\"caption-attachment-1464\" class=\"wp-caption-text\">Tarek Adam<\/p><\/div>\n<p>Sono Tarek Adam, amo l&#8217;Egitto, patria del mio cuore, e conosco bene le aspettative della Svizzera. Insieme alla mia famiglia svizzera, combino due culture. Lavoro nel settore dei viaggi dal 1993 e faccio sempre la spola tra l&#8217;Egitto e la Svizzera. Negli ultimi anni ho lavorato nel campo della migrazione qui in Svizzera. In questo periodo ho maturato una grande esperienza e, soprattutto, mi \u00e8 piaciuto aiutare e sostenere le persone nelle diverse fasi della vita. Spesso i grandi colleghi diventavano addirittura amici per la vita.<\/p>\n<p>Ora che il turismo in Egitto sta ripartendo, mi manca il mio lavoro di guida\/organizzatore turistico e torno alla mia vocazione con maggiore passione e nostalgia. Non vedo l&#8217;ora di coccolare i miei ospiti come sempre e di fare in modo che possiate fare il pieno di energia positiva e vivere momenti indimenticabili in Egitto: questo \u00e8 il significato del mio nome!<\/p>\n<p>[\/et_pb_text][\/et_pb_column][\/et_pb_row][et_pb_row _builder_version=\"4.16&#8243; _module_preset=\"default\" global_colors_info=\"{}\"][et_pb_column type=\"4_4&#8243; _builder_version=\"4.16&#8243; _module_preset=\"default\" global_colors_info=\"{}\"][et_pb_text _builder_version=\"4.27.4&#8243; _module_preset=\"default\" text_font=\"||||||||\" text_text_color=\"#000000&#8243; text_font_size=\"15px\" text_line_height=\"1.9em\" animation_style=\"slide\" animation_direction=\"left\" animation_duration=\"600ms\" animation_delay=\"10ms\" hover_enabled=\"0&#8243; text_orientation_tablet=\"left\" text_orientation_last_edited=\"off|tablet\" locked=\"off\" global_colors_info=\"{}\" sticky_enabled=\"0&#8243;]<\/p>\n<p><strong>AdamTravel \u00e8 il tuo specialista per viaggi indimenticabili in Egitto. Siamo un&#8217;azienda svizzera con calore egiziano, specializzata in tour individuali in Egitto. Dal tuo arrivo all&#8217;aeroporto egiziano o dall&#8217;aeroporto svizzero, i tuoi viaggi saranno seguiti e accompagnati 24 ore su 24 da specialisti ed esperti. Abbiamo messo insieme con cura tutti i programmi di viaggio per te.<\/strong><\/p>\n<p><span>Oltre ai nostri pacchetti turistici<\/span><span> offriamo anche tour su misura e viaggi di gruppo su richiesta. Non vediamo l&#8217;ora di progettare insieme a te il viaggio dei tuoi sogni!<\/span><\/p>\n<p><span>Selezioniamo con occhio esperto compagnie aeree, hotel, mezzi di trasporto e personale: lavoriamo sempre con le persone migliori.<\/span><\/p>\n<p><span>In tutte le spedizioni archeologiche sarete accompagnati dai nostri esperti di storia egiziana, tutti studiosi di egittologia. La soddisfazione dei nostri ospiti viene prima di tutto. Per gruppi esclusivi e chiusi - e su richiesta - sar\u00f2 felice di accompagnarti personalmente dalla Svizzera all&#8217;Egitto e viceversa. Il tuo viaggio inizia con la fiducia. <\/span><\/p>\n<p><span>Con noi sperimenterai il nostro amore per l&#8217;Egitto. Scoprirai il passato, i monumenti unici come le piramidi di Giza e la Sfinge, Luxor o i templi di Karnak, Edfu e Abu Simbel nei migliori tour individuali. Sarai ispirato e otterrai indimenticabili intuizioni sul paese e sui suoi splendidi paesaggi - dalle montagne colorate del Sinai al deserto, dove il meraviglioso cielo stellato sembra cos\u00ec vicino, come se potessi catturare le numerose stelle cadenti e l&#8217;assolutamente pacifico silenzio in cui il silenzio \u00e8 quasi udibile.<\/span><\/p>\n<p><span>L&#8217;Egitto, circondato da due mari meravigliosi, con 995 km di costa sul Mar Mediterraneo e 1941 km di costa sul Mar Rosso con le sue paradisiache barriere coralline, che attirano sub da tutto il mondo.<\/span><\/p>\n<p><span>Per non dimenticare il Nilo mozzafiato, noto anche come la &#8220;vena della vita\", che scorre da sud a nord in un tratto suggestivo di 1200 km attraverso l&#8217;Egitto. Il Nilo, che \u00e8 sempre stata una grande ispirazione per poeti e poeti e attira gli amanti. Grazie a 365 giorni di sole all&#8217;anno, l&#8217;Egitto \u00e8 dotato di fertilit\u00e0. Questa generosit\u00e0 della natura modella il carattere della popolazione egiziana e li rende padroni di casa felici, cortesi, amichevoli e meravigliosi.<\/span><\/p>\n<p><span><\/span><\/p>\n<p><em><strong>Donazioni di beneficenza: Per ogni prenotazione doniamo un importo a: \" <a href=\"https:\/\/www.presidency.eg\/en\/%D8%A7%D9%84%D8%B1%D8%A6%D8%A7%D8%B3%D8%A9\/%D8%AA%D8%AD%D9%8A%D8%A7-%D9%85%D8%B5%D8%B1\/\" target=\"_blank\" rel=\"noopener\">Tahya Misr Fund<\/a> \" <\/strong><\/em><\/p>\n<p><em><strong><img decoding=\"async\" src=\"https:\/\/spcdn.shortpixel.ai\/spio\/ret_img,q_cdnize,to_auto,s_webp:avif\/adamtravel.ch\/wp-content\/uploads\/2021\/11\/Tahya-Misr-Fund-300x187.png\" width=\"300\" height=\"187\" alt=\"\" class=\"wp-image-3084 alignnone size-medium\" title=\"\"><\/strong><\/em><\/p>\n<p>[\/et_pb_text][\/et_pb_column][\/et_pb_row][\/et_pb_section][et_pb_section fb_built=\"1&#8243; _builder_version=\"4.16&#8243; _module_preset=\"default\" locked=\"off\" global_colors_info=\"{}\"][et_pb_row column_structure=\"1_2,1_2&#8243; _builder_version=\"4.16&#8243; _module_preset=\"default\" custom_margin=\"||||false|false\" custom_padding=\"||0px||false|false\" locked=\"off\" global_colors_info=\"{}\"][et_pb_column type=\"1_2&#8243; _builder_version=\"4.16&#8243; _module_preset=\"default\" custom_css_main_element=\"margin: auto;\" global_colors_info=\"{}\"][et_pb_image src=\"https:\/\/adamtravel.ch\/wp-content\/uploads\/2021\/10\/Aegypten-Spirituelle-Riesen-Bau.jpg\" title_text=\"Egitto-Spirituale-Gigante-Edificio\" align=\"center\" align_tablet=\"left\" align_phone=\"\" align_last_edited=\"on|tablet\" _builder_version=\"4.16&#8243; _module_preset=\"default\" positioning=\"relative\" vertical_offset=\"0px\" width=\"90%\" custom_margin=\"25px||25px||true|false\" custom_padding=\"||||false|false\" animation_style=\"zoom\" animation_duration=\"1500ms\" animation_delay=\"50ms\" border_radii=\"on|7px|7px|7px|7px\" box_shadow_style=\"preset4&#8243; box_shadow_color=\"#0C71C3&#8243; locked=\"off\" global_colors_info=\"{}\"][\/et_pb_image][\/et_pb_column][et_pb_column type=\"1_2&#8243; _builder_version=\"4.16&#8243; _module_preset=\"default\" custom_css_main_element=\"margin: auto;\" global_colors_info=\"{}\"][et_pb_text _builder_version=\"4.16&#8243; _module_preset=\"default\" text_font=\"Cabin||||||||\" header_text_color=\"#0C71C3&#8243; header_2_font=\"Cabin|700|||||||\" header_2_text_color=\"#000000&#8243; header_2_font_size=\"46px\" header_3_font=\"Cabin|700|||||||\" header_3_text_color=\"#000000&#8243; header_3_font_size=\"44px\" header_3_line_height=\"1.3em\" custom_margin=\"||0px||false|false\" animation_style=\"slide\" animation_direction=\"right\" animation_delay=\"10ms\" header_3_font_size_tablet=\"40px\" header_3_font_size_phone=\"36px\" header_3_font_size_last_edited=\"on|phone\" global_colors_info=\"{}\"]<\/p>\n<h3>Collaboriamo con i seguenti fornitori di servizi di viaggio:<\/h3>\n<p>[\/et_pb_text][et_pb_text _builder_version=\"4.16&#8243; _module_preset=\"default\" text_font=\"Muli||||||||\" text_text_color=\"#000000&#8243; text_font_size=\"15px\" text_line_height=\"1.9em\" animation_style=\"slide\" animation_direction=\"right\" animation_delay=\"10ms\" text_orientation_tablet=\"left\" text_orientation_last_edited=\"off|tablet\" global_colors_info=\"{}\"][\/et_pb_text][\/et_pb_column][\/et_pb_row][et_pb_row column_structure=\"1_3,1_3,1_3&#8243; _builder_version=\"4.16&#8243; _module_preset=\"default\" global_colors_info=\"{}\"][et_pb_column type=\"1_3&#8243; _builder_version=\"4.16&#8243; _module_preset=\"default\" global_colors_info=\"{}\"][et_pb_image src=\"https:\/\/adamtravel.ch\/wp-content\/uploads\/2021\/11\/Swiss-Airline.png\" title_text=\"compagnia aerea svizzera\" align=\"center\" _builder_version=\"4.16&#8243; _module_preset=\"default\" filter_saturate=\"0%\" global_colors_info=\"{}\" filter_saturate__hover_enabled=\"on|desktop\" filter_saturate__hover=\"100%\"][\/et_pb_image][\/et_pb_column][et_pb_column type=\"1_3&#8243; _builder_version=\"4.16&#8243; _module_preset=\"default\" global_colors_info=\"{}\"][et_pb_image src=\"https:\/\/adamtravel.ch\/wp-content\/uploads\/2021\/11\/Egypt-Air.png\" title_text=\"Egitto-Air\" show_bottom_space=\"off\" align=\"center\" _builder_version=\"4.16&#8243; _module_preset=\"default\" module_alignment=\"center\" custom_margin=\"||||false|false\" custom_padding=\"||||false|false\" filter_saturate=\"0%\" global_colors_info=\"{}\" filter_saturate__hover_enabled=\"on|desktop\" filter_saturate__hover=\"100%\"][\/et_pb_image][\/et_pb_column][et_pb_column type=\"1_3&#8243; _builder_version=\"4.16&#8243; _module_preset=\"default\" global_colors_info=\"{}\"][et_pb_image src=\"https:\/\/adamtravel.ch\/wp-content\/uploads\/2021\/11\/Edelweiss-Air.png\" title_text=\"Edelweiss-Air\" align=\"center\" _builder_version=\"4.16&#8243; _module_preset=\"default\" filter_saturate=\"0%\" global_colors_info=\"{}\" filter_saturate__hover_enabled=\"on|desktop\" filter_saturate__hover=\"100%\"][\/et_pb_image][\/et_pb_column][\/et_pb_row][\/et_pb_section][et_pb_section fb_built=\"1&#8243; prev_background_color=\"#ffffff\" _builder_version=\"4.16&#8243; _module_preset=\"default\" background_enable_color=\"off\" use_background_color_gradient=\"on\" background_color_gradient_stops=\"rgba(0,93,168,0.44) 0%|rgba(224,153,0,0.78) 100%\" background_color_gradient_overlays_image=\"on\" background_color_gradient_start=\"rgba(0,93,168,0.44)\" background_color_gradient_end=\"rgba(224,153,0,0.78)\" background_image=\"https:\/\/adamtravel.ch\/wp-content\/uploads\/2021\/10\/Header3-1-scaled.jpg\" custom_margin=\"||||false|false\" custom_padding=\"70px||70px||true|false\" top_divider_style=\"wave2&#8243; top_divider_height=\"47px\" locked=\"off\" global_colors_info=\"{}\"][et_pb_row column_structure=\"3_5,2_5&#8243; _builder_version=\"4.16&#8243; _module_preset=\"default\" global_colors_info=\"{}\"][et_pb_column type=\"3_5&#8243; _builder_version=\"4.16&#8243; _module_preset=\"default\" custom_css_main_element=\"margin:auto;\" global_colors_info=\"{}\"][et_pb_text _builder_version=\"4.16&#8243; _module_preset=\"default\" header_3_font=\"Cabin||||||||\" header_3_text_color=\"#ffffff\" header_3_font_size=\"36px\" header_3_line_height=\"1.2em\" text_orientation_tablet=\"center\" text_orientation_phone=\"\" text_orientation_last_edited=\"on|tablet\" global_colors_info=\"{}\"]<\/p>\n<h3>Sei pronto o hai qualche domanda per noi?<\/h3>\n<p>[\/et_pb_text][\/et_pb_column][et_pb_column type=\"2_5&#8243; _builder_version=\"4.16&#8243; _module_preset=\"default\" custom_css_main_element=\"margin:auto;\" global_colors_info=\"{}\"][et_pb_button button_url=\"@ET-DC@eyJkeW5hbWljIjp0cnVlLCJjb250ZW50IjoicG9zdF9saW5rX3VybF9wYWdlIiwic2V0dGluZ3MiOnsicG9zdF9pZCI6IjE1MiJ9fQ==@\" button_text=\"Contatto\" button_alignment=\"right\" button_alignment_tablet=\"center\" button_alignment_phone=\"\" button_alignment_last_edited=\"on|phone\" _builder_version=\"4.16&#8243; _dynamic_attributes=\"button_url\" _module_preset=\"default\" custom_button=\"on\" button_text_size=\"16px\" button_text_color=\"#E09900&#8243; button_bg_color=\"#ffffff\" button_border_width=\"0px\" button_border_color=\"rgba(0,0,0,0)\" button_border_radius=\"5px\" button_letter_spacing=\"0px\" button_font=\"|600|||||||\" button_use_icon=\"off\" custom_margin_tablet=\"15px||||false|false\" custom_margin_phone=\"\" custom_margin_last_edited=\"on|tablet\" custom_padding=\"15px|45px|15px|45px|true|true\" box_shadow_style=\"preset3&#8243; box_shadow_color=\"rgba(255,255,255,0.48)\" locked=\"off\" global_colors_info=\"{}\" button_bg_color__hover_enabled=\"off|desktop\" button_text_color__hover_enabled=\"off|desktop\" button_text_color__hover=\"#ffffff\" button_bg_color__hover=\"#29b2b8&#8243; button_bg_enable_color__hover=\"on\" button_border_color__hover_enabled=\"off|desktop\" button_border_color__hover=\"#ffffff\" box_shadow_blur__hover_enabled=\"on|desktop\" box_shadow_blur__hover=\"42px\" transform_styles__hover_enabled=\"on|desktop\" transform_scale__hover_enabled=\"on|desktop\" transform_translate__hover_enabled=\"on|desktop\" transform_rotate__hover_enabled=\"on|desktop\" transform_skew__hover_enabled=\"on|desktop\" transform_origin__hover_enabled=\"on|desktop\" transform_scale__hover=\"95%|95%\"][\/et_pb_button][\/et_pb_column][\/et_pb_row][\/et_pb_section]<\/p>\n","protected":false},"excerpt":{"rendered":"<p>Su di me Sono Tarek Adam, amo l&#8217;Egitto, patria del mio cuore, e conosco bene le aspettative della Svizzera. Insieme alla mia famiglia svizzera, combino due culture. Lavoro nel settore dei viaggi dal 1993 e faccio sempre la spola tra l&#8217;Egitto e la Svizzera. Negli ultimi anni ho lavorato nel campo della migrazione qui in [&hellip;]<\/p>\n","protected":false},"author":1,"featured_media":0,"parent":0,"menu_order":0,"comment_status":"closed","ping_status":"closed","template":"","meta":{"_et_pb_use_builder":"on","_et_pb_old_content":"","_et_gb_content_width":"","footnotes":""},"class_list":["post-2105","page","type-page","status-publish","hentry"],"_links":{"self":[{"href":"https:\/\/adamtravel.ch\/it\/wp-json\/wp\/v2\/pages\/2105","targetHints":{"allow":["GET"]}}],"collection":[{"href":"https:\/\/adamtravel.ch\/it\/wp-json\/wp\/v2\/pages"}],"about":[{"href":"https:\/\/adamtravel.ch\/it\/wp-json\/wp\/v2\/types\/page"}],"author":[{"embeddable":true,"href":"https:\/\/adamtravel.ch\/it\/wp-json\/wp\/v2\/users\/1"}],"replies":[{"embeddable":true,"href":"https:\/\/adamtravel.ch\/it\/wp-json\/wp\/v2\/comments?post=2105"}],"version-history":[{"count":11,"href":"https:\/\/adamtravel.ch\/it\/wp-json\/wp\/v2\/pages\/2105\/revisions"}],"predecessor-version":[{"id":11027,"href":"https:\/\/adamtravel.ch\/it\/wp-json\/wp\/v2\/pages\/2105\/revisions\/11027"}],"wp:attachment":[{"href":"https:\/\/adamtravel.ch\/it\/wp-json\/wp\/v2\/media?parent=2105"}],"curies":[{"name":"wp","href":"https:\/\/api.w.org\/{rel}","templated":true}]}}