{"id":2210,"date":"2021-11-05T18:21:06","date_gmt":"2021-11-05T18:21:06","guid":{"rendered":"https:\/\/adamtravel.ch\/?page_id=2210"},"modified":"2025-09-08T10:46:49","modified_gmt":"2025-09-08T08:46:49","slug":"viaggi-per-disabili","status":"publish","type":"page","link":"https:\/\/adamtravel.ch\/it\/viaggi-per-disabili\/","title":{"rendered":"Tour per disabili in Egitto"},"content":{"rendered":"<p>[et_pb_section fb_built=\"1&#8243; next_background_color=\"#ffffff\" _builder_version=\"4.27.4&#8243; _module_preset=\"default\" background_enable_color=\"off\" use_background_color_gradient=\"on\" background_color_gradient_stops=\"rgba(224,160,0,0.51) 0%|#e09900 100%\" background_color_gradient_overlays_image=\"on\" background_color_gradient_start=\"rgba(224,160,0,0.51)\" background_color_gradient_end=\"#e09900&#8243; background_image=\"https:\/\/adamtravel.ch\/wp-content\/uploads\/2025\/08\/aegypten-ueste-mit-reiterin.webp\" custom_padding=\"103px||152px||false|\" bottom_divider_style=\"wave2&#8243; global_colors_info=\"{}\"][et_pb_row _builder_version=\"4.16&#8243; _module_preset=\"default\" global_colors_info=\"{}\"][et_pb_column type=\"4_4&#8243; _builder_version=\"4.16&#8243; _module_preset=\"default\" global_colors_info=\"{}\"][et_pb_text _builder_version=\"4.16&#8243; _dynamic_attributes=\"content\" _module_preset=\"default\" header_font=\"Cabin|700|||||||\" header_text_align=\"center\" header_text_color=\"#ffffff\" header_font_size=\"70px\" animation_style=\"zoom\" animation_delay=\"10ms\" header_font_size_tablet=\"60px\" header_font_size_phone=\"50px\" header_font_size_last_edited=\"on|phone\" global_colors_info=\"{}\" header_font_size__hover_enabled=\"off|desktop\"]@ET-DC@eyJkeW5hbWljIjp0cnVlLCJjb250ZW50IjoicG9zdF90aXRsZSIsInNldHRpbmdzIjp7ImJlZm9yZSI6IjxoMT4iLCJhZnRlciI6IjxoMT4ifX0=@[\/et_pb_text][\/et_pb_column][\/et_pb_row][\/et_pb_section][et_pb_section fb_built=\"1&#8243; _builder_version=\"4.27.4&#8243; _module_preset=\"default\" custom_padding=\"0px|0px|0px|0px|true|false\" global_colors_info=\"{}\"][et_pb_row column_structure=\"1_2,1_2&#8243; _builder_version=\"4.16&#8243; _module_preset=\"default\" locked=\"off\" global_colors_info=\"{}\"][et_pb_column type=\"1_2&#8243; _builder_version=\"4.16&#8243; _module_preset=\"default\" custom_css_main_element=\"margin: auto;\" global_colors_info=\"{}\"][et_pb_text _builder_version=\"4.27.4&#8243; _module_preset=\"default\" header_font=\"|600|||||||\" header_2_font=\"Cabin|700|||||||\" header_2_text_color=\"#000000&#8243; header_2_font_size=\"46px\" header_3_font=\"Cabin|700|||||||\" header_3_text_color=\"#000000&#8243; header_3_font_size=\"44px\" header_3_line_height=\"1.3em\" custom_margin=\"||0px||false|false\" animation_style=\"slide\" animation_direction=\"left\" animation_delay=\"10ms\" header_3_font_size_tablet=\"40px\" header_3_font_size_phone=\"36px\" header_3_font_size_last_edited=\"on|phone\" global_colors_info=\"{}\"]<\/p>\n<h1 data-start=\"281\" data-end=\"345\">Vacanze accessibili in Egitto: cultura senza barriere<\/h1>\n<p data-start=\"347\" data-end=\"576\">[\/et_pb_text][et_pb_divider show_divider=\"off\" _builder_version=\"4.16&#8243; _module_preset=\"default\" global_colors_info=\"{}\"][\/et_pb_divider][et_pb_text _builder_version=\"4.27.4&#8243; _module_preset=\"default\" text_font=\"||||||||\" text_text_color=\"#000000&#8243; text_font_size=\"15px\" text_line_height=\"1.9em\" animation_style=\"slide\" animation_direction=\"left\" animation_delay=\"10ms\" text_orientation_tablet=\"left\" text_orientation_last_edited=\"off|tablet\" global_colors_info=\"{}\"]<\/p>\n<p data-start=\"347\" data-end=\"576\">Noi di <strong data-start=\"355\" data-end=\"369\">AdamTravel<\/strong> viviamo e amiamo l&#8217;Egitto. Ecco perch\u00e9 siamo particolarmente interessati a dare alle persone con disabilit\u00e0 fisiche l&#8217;opportunit\u00e0 di conoscere questo affascinante paese dell&#8217;Africa nord-orientale.<\/p>\n<p data-start=\"578\" data-end=\"986\">Hai bisogno di <strong data-start=\"591\" data-end=\"616\">viaggiare senza barriere<\/strong>? Allora siamo qui per aiutarti a pianificare e organizzare un <strong data-start=\"730\" data-end=\"762\">viaggio<\/strong> indimenticabile <strong data-start=\"730\" data-end=\"762\">in Egitto senza barriere<\/strong>. I nostri programmi appositamente studiati offrono <strong data-start=\"839\" data-end=\"868\">alloggi accessibili<\/strong> accuratamente selezionati, trasferimenti adattati, escursioni e visite turistiche personalizzate in base alle tue esigenze individuali. <\/p>\n<p data-start=\"988\" data-end=\"1267\">Lasciati incantare dalla patria dei <strong data-start=\"1023\" data-end=\"1060\">faraoni, delle piramidi e del Nilo<\/strong>. Scopri le grandi attrazioni dell&#8217;antico Egitto e goditi il trambusto di citt\u00e0 come <strong data-start=\"1193\" data-end=\"1221\">Il Cairo, Luxor o Assuan<\/strong>, in tutta comodit\u00e0, sicurezza e senza ostacoli. <\/p>\n<p data-start=\"1269\" data-end=\"1419\">AdamTravel non vede l&#8217;ora di accompagnarti in un <strong data-start=\"1306\" data-end=\"1349\">viaggio culturale accessibile in Egitto<\/strong> e di creare insieme ricordi indimenticabili.<\/p>\n<p data-start=\"196\" data-end=\"384\">[\/et_pb_text][et_pb_divider show_divider=\"off\" _builder_version=\"4.16&#8243; _module_preset=\"default\" custom_padding=\"||16px|||\" global_colors_info=\"{}\"][\/et_pb_divider][et_pb_button button_url=\"@ET-DC@eyJkeW5hbWljIjp0cnVlLCJjb250ZW50IjoicG9zdF9saW5rX3VybF9wYWdlIiwic2V0dGluZ3MiOnsicG9zdF9pZCI6IjE1MiJ9fQ==@\" button_text=\"Contatta il tuo consulente di viaggio\" button_alignment=\"left\" button_alignment_tablet=\"center\" button_alignment_last_edited=\"off|tablet\" _builder_version=\"4.16&#8243; _dynamic_attributes=\"button_url\" _module_preset=\"default\" custom_button=\"on\" button_text_size=\"16px\" button_text_color=\"#ffffff\" button_bg_color=\"#f6a800&#8243; button_border_width=\"0px\" button_border_color=\"rgba(0,0,0,0)\" button_border_radius=\"7px\" button_letter_spacing=\"0px\" button_font=\"|600|||||||\" button_use_icon=\"off\" custom_padding=\"15px|45px|15px|45px|true|true\" animation_style=\"slide\" animation_direction=\"left\" animation_delay=\"10ms\" box_shadow_style=\"preset3&#8243; box_shadow_horizontal=\"4px\" box_shadow_vertical=\"14px\" box_shadow_color=\"#f4d186&#8243; locked=\"off\" global_colors_info=\"{}\" button_bg_color__hover_enabled=\"off|desktop\" button_text_color__hover_enabled=\"off|desktop\" button_text_color__hover=\"#ffffff\" button_bg_color__hover=\"#29b2b8&#8243; button_bg_enable_color__hover=\"on\" button_border_color__hover_enabled=\"off|desktop\" button_border_color__hover=\"#ffffff\" box_shadow_blur__hover_enabled=\"on|desktop\" box_shadow_blur__hover=\"42px\" transform_styles__hover_enabled=\"on|desktop\" transform_scale__hover_enabled=\"on|desktop\" transform_translate__hover_enabled=\"on|desktop\" transform_rotate__hover_enabled=\"on|desktop\" transform_skew__hover_enabled=\"on|desktop\" transform_origin__hover_enabled=\"on|desktop\" transform_scale__hover=\"95%|95%\"][\/et_pb_button][et_pb_divider show_divider=\"off\" _builder_version=\"4.16&#8243; _module_preset=\"default\" global_colors_info=\"{}\"][\/et_pb_divider][\/et_pb_column][et_pb_column type=\"1_2&#8243; _builder_version=\"4.16&#8243; _module_preset=\"default\" custom_css_main_element=\"margin: auto;\" global_colors_info=\"{}\"][et_pb_image src=\"https:\/\/adamtravel.ch\/wp-content\/uploads\/2025\/08\/handicap-reisen-aegypten-hoch.webp\" title_text=\"handicap-viaggio-egitto-alto\" _builder_version=\"4.27.4&#8243; _module_preset=\"default\" custom_margin=\"-139px|||||\" animation_style=\"slide\" animation_direction=\"right\" border_radii=\"on|7px|7px|7px|7px\" global_colors_info=\"{}\"][\/et_pb_image][\/et_pb_column][\/et_pb_row][\/et_pb_section][et_pb_section fb_built=\"1&#8243; _builder_version=\"4.16&#8243; _module_preset=\"default\" custom_padding=\"31px|||||\" locked=\"off\" global_colors_info=\"{}\"][et_pb_row _builder_version=\"4.27.4&#8243; _module_preset=\"default\" custom_padding=\"||0px|||\" global_colors_info=\"{}\"][et_pb_column type=\"4_4&#8243; _builder_version=\"4.16&#8243; _module_preset=\"default\" global_colors_info=\"{}\"][et_pb_slider show_image_video_mobile=\"on\" _builder_version=\"4.27.4&#8243; _module_preset=\"default\" background_color=\"#0C71C3&#8243; custom_button=\"on\" button_text_size=\"15px\" width=\"100%\" border_radii=\"on|13px|13px|13px|13px\" border_width_all=\"8px\" border_color_all=\"#0C71C3&#8243; box_shadow_style=\"preset2&#8243; global_colors_info=\"{}\"][et_pb_slide heading=\"Andata e ritorno in sedia a rotelle con crociera sul Nilo\" button_text=\"Per saperne di pi\u00f9\" button_link=\"@ET-DC@eyJkeW5hbWljIjp0cnVlLCJjb250ZW50IjoicG9zdF9saW5rX3VybF9wYWdlIiwic2V0dGluZ3MiOnsicG9zdF9pZCI6IjQ3NyJ9fQ==@\" image=\"https:\/\/adamtravel.ch\/wp-content\/uploads\/2025\/08\/aegypten-kairo-konzertsaal.webp\" _builder_version=\"4.27.4&#8243; _dynamic_attributes=\"button_link\" _module_preset=\"default\" header_font_size=\"30px\" border_radii_image=\"on|7px|7px|7px|7px\" global_colors_info=\"{}\" sticky_transition=\"on\"]<\/p>\n<p><span style=\"font-weight: 300;\">Abbiamo progettato questo tour in Egitto appositamente per le persone che nella vita di tutti i giorni dipendono da una sedia a rotelle a causa di un handicap fisico. Ti portiamo nei luoghi storici e nei siti pi\u00f9 importanti della storia egiziana. Viaggia senza barriere dal Cairo via Luxor ad Assuan. Lasciati coinvolgere dall&#8217;incanto delle piramidi e vivi l&#8217;energia pulsante delle citt\u00e0 e l&#8217;ospitalit\u00e0 della gente del posto. Nell&#8217;ultima tappa conoscerai il paese dall&#8217;acqua: navigherai sul Nilo su un veliero da Luxor ad Assuan.<\/span><\/p>\n<p>[\/et_pb_slide][\/et_pb_slider][\/et_pb_column][\/et_pb_row][\/et_pb_section][et_pb_section fb_built=\"1&#8243; next_background_color=\"#ffffff\" _builder_version=\"4.27.4&#8243; _module_preset=\"default\" use_background_color_gradient=\"on\" background_color_gradient_stops=\"rgba(244,218,122,0.2) 0%|rgba(246,168,0,0.5) 100%\" background_color_gradient_overlays_image=\"on\" background_color_gradient_start=\"rgba(244,218,122,0.2)\" background_color_gradient_end=\"rgba(246,168,0,0.5)\" background_image=\"https:\/\/adamtravel.ch\/wp-content\/uploads\/2025\/08\/aegypten-aga-khan-mausuleum.webp\" custom_padding=\"100px||100px||true|false\" top_divider_style=\"wave2&#8243; top_divider_color=\"#FFFFFF\" top_divider_height=\"50px\" bottom_divider_style=\"wave2&#8243; bottom_divider_height=\"50px\" bottom_divider_flip=\"horizontal|vertical\" locked=\"off\" global_colors_info=\"{}\"][et_pb_row _builder_version=\"4.16&#8243; _module_preset=\"default\" width_tablet=\"80%\" width_phone=\"\" width_last_edited=\"on|tablet\" max_width_tablet=\"80%\" max_width_phone=\"\" max_width_last_edited=\"on|tablet\" locked=\"off\" global_colors_info=\"{}\"][et_pb_column type=\"4_4&#8243; _builder_version=\"4.16&#8243; _module_preset=\"default\" global_colors_info=\"{}\"][et_pb_text _builder_version=\"4.16&#8243; _module_preset=\"default\" text_font=\"Montserrat||||||||\" text_text_color=\"#ffffff\" text_font_size=\"15px\" text_line_height=\"1.9em\" header_font=\"Cabin|700|||||||\" header_text_align=\"center\" header_text_color=\"#ffffff\" header_font_size=\"36px\" header_line_height=\"1.3em\" header_2_font=\"Cabin|700|||||||\" header_2_text_color=\"#ffffff\" header_2_font_size=\"46px\" header_2_line_height=\"1.3em\" text_orientation=\"center\" module_alignment=\"center\" custom_margin=\"||0px||false|false\" animation_style=\"slide\" animation_direction=\"bottom\" animation_duration=\"500ms\" animation_delay=\"10ms\" header_2_font_size_tablet=\"42px\" header_2_font_size_phone=\"36px\" header_2_font_size_last_edited=\"on|phone\" global_colors_info=\"{}\" header_2_font_size__hover_enabled=\"off|desktop\"]<\/p>\n<h2>Chiamaci o scrivici le tue preoccupazioni<\/h2>\n<p>[\/et_pb_text][et_pb_text _builder_version=\"4.16&#8243; _module_preset=\"default\" text_font=\"Montserrat||||||||\" text_text_color=\"#ffffff\" text_font_size=\"16px\" text_line_height=\"1.9em\" header_font=\"Cabin|700|||||||\" header_text_align=\"center\" header_text_color=\"#ffffff\" header_font_size=\"36px\" header_line_height=\"1.3em\" header_4_text_color=\"#FFFFFF\" text_orientation=\"center\" max_width=\"650px\" module_alignment=\"center\" animation_style=\"slide\" animation_direction=\"bottom\" animation_duration=\"700ms\" animation_delay=\"10ms\" locked=\"off\" global_colors_info=\"{}\"]<\/p>\n<h4>Offriamo anche tour personalizzati per disabili e tour di gruppo<\/h4>\n<p>[\/et_pb_text][et_pb_button button_url=\"@ET-DC@eyJkeW5hbWljIjp0cnVlLCJjb250ZW50IjoicG9zdF9saW5rX3VybF9wYWdlIiwic2V0dGluZ3MiOnsicG9zdF9pZCI6IjE1MiJ9fQ==@\" button_text=\"Contatto\" button_alignment=\"center\" button_alignment_tablet=\"center\" button_alignment_last_edited=\"off|tablet\" _builder_version=\"4.16&#8243; _dynamic_attributes=\"button_url\" _module_preset=\"default\" custom_button=\"on\" button_text_size=\"16px\" button_text_color=\"#E09900&#8243; button_bg_color=\"#ffffff\" button_border_width=\"0px\" button_border_color=\"rgba(0,0,0,0)\" button_border_radius=\"5px\" button_letter_spacing=\"0px\" button_font=\"|600|||||||\" button_use_icon=\"off\" custom_padding=\"15px|45px|15px|45px|true|true\" animation_style=\"zoom\" animation_delay=\"10ms\" box_shadow_style=\"preset2&#8243; box_shadow_color=\"#E09900&#8243; locked=\"off\" global_colors_info=\"{}\" button_bg_color__hover_enabled=\"off|desktop\" button_text_color__hover_enabled=\"off|desktop\" button_text_color__hover=\"#ffffff\" button_bg_color__hover=\"#29b2b8&#8243; button_bg_enable_color__hover=\"on\" button_border_color__hover_enabled=\"off|desktop\" button_border_color__hover=\"#ffffff\" box_shadow_blur__hover_enabled=\"on|desktop\" box_shadow_blur__hover=\"42px\" transform_styles__hover_enabled=\"on|desktop\" transform_scale__hover_enabled=\"on|desktop\" transform_translate__hover_enabled=\"on|desktop\" transform_rotate__hover_enabled=\"on|desktop\" transform_skew__hover_enabled=\"on|desktop\" transform_origin__hover_enabled=\"on|desktop\" transform_scale__hover=\"95%|95%\"][\/et_pb_button][\/et_pb_column][\/et_pb_row][\/et_pb_section][et_pb_section fb_built=\"1&#8243; _builder_version=\"4.16&#8243; _module_preset=\"default\" background_enable_color=\"off\" background_enable_image=\"off\" custom_padding=\"||31px|||\" global_colors_info=\"{}\"][et_pb_row _builder_version=\"4.16&#8243; _module_preset=\"default\" locked=\"off\" global_colors_info=\"{}\"][et_pb_column type=\"4_4&#8243; _builder_version=\"4.16&#8243; _module_preset=\"default\" custom_css_main_element=\"margin: auto;\" global_colors_info=\"{}\"][et_pb_text _builder_version=\"4.16&#8243; _module_preset=\"default\" header_2_font=\"Cabin|700|||||||\" header_2_text_color=\"#000000&#8243; header_2_font_size=\"46px\" header_3_font=\"Cabin|700|||||||\" header_3_text_color=\"#000000&#8243; header_3_font_size=\"44px\" header_3_line_height=\"1.3em\" custom_margin=\"||0px||false|false\" animation_style=\"slide\" animation_direction=\"left\" animation_delay=\"10ms\" header_3_font_size_tablet=\"40px\" header_3_font_size_phone=\"36px\" header_3_font_size_last_edited=\"on|phone\" global_colors_info=\"{}\"]<\/p>\n<h3>FAQ - Rispondiamo alle tue domande<\/h3>\n<p>[\/et_pb_text][et_pb_accordion open_toggle_text_color=\"#000000&#8243; open_toggle_background_color=\"#ffffff\" closed_toggle_background_color=\"#ffffff\" icon_color=\"#2cb2ae\" _builder_version=\"4.27.4&#8243; _module_preset=\"default\" toggle_text_color=\"#005da8&#8243; toggle_font=\"Cabin||||||||\" toggle_font_size=\"22px\" body_font=\"Cabin||||||||\" body_font_size=\"16px\" body_line_height=\"1.9em\" animation_style=\"slide\" animation_direction=\"right\" animation_delay=\"10ms\" border_radii=\"on|12px|12px|12px|12px\" border_color_all=\"#000000&#8243; global_colors_info=\"{}\"][et_pb_accordion_item title=\"Informazioni importanti sulla preparazione del viaggio\" open=\"on\" open_toggle_background_color=\"#FFFFFF\" icon_color=\"#0C71C3&#8243; _builder_version=\"4.16&#8243; _module_preset=\"default\" custom_margin=\"15px||15px||true|false\" custom_padding=\"||||false|false\" global_colors_info=\"{}\"]<\/p>\n<div id=\"overview\" class=\"scroll_pane_new\">\n<div class=\"program_box_data\" id=\"desc\">\n<p><span>Vi preghiamo di inviarci una copia dell&#8217;interno del passaporto entro e non oltre 16 giorni prima della partenza. <\/span><span>Si prega di notare il passaporto valido e le normative sui visti. Per poter entrare in Egitto, \u00e8 necessario, ad esempio, un passaporto valido che sia valido per almeno 6 mesi dopo il tuo arrivo. Il visto per l&#8217;Egitto per i viaggiatori dalla Svizzera \u00e8 valido per un mese e pu\u00f2 costare circa 25 franchi. essere acquistato all&#8217;aeroporto al momento dell&#8217;ingresso.<br \/><\/span><\/p>\n<p><strong>Vi preghiamo di informarci di eventuali richieste speciali prima dell&#8217;arrivo (ad esempio, pasti speciali a causa del diabete, allergie, dieta vegana, ecc).<\/strong><\/p>\n<p><span><br \/><\/span><span><\/span><\/p>\n<\/div>\n<\/div>\n<p>[\/et_pb_accordion_item][et_pb_accordion_item title=\"Note sui prezzi\" icon_color=\"#0C71C3&#8243; _builder_version=\"4.27.4&#8243; _module_preset=\"default\" custom_margin=\"15px||15px||true|false\" custom_padding=\"||||false|false\" global_colors_info=\"{}\" open=\"off\"]<\/p>\n<ul>\n<li><span>Prezzi in franchi svizzeri A testa<\/span><\/li>\n<li><span style=\"font-weight: 400;\">Supplemento per viaggiatori singoli.<\/span><\/li>\n<li><span style=\"font-weight: 400;\">Prezzo pi\u00f9 basso in bassa stagione (maggio-settembre) e tour di gruppo.<\/span><\/li>\n<li><span>Date limite: Natale, Capodanno e Pasqua.<\/span><\/li>\n<\/ul>\n<p><span>Regolamento per l&#8217;accompagnamento dei bambini:<\/span><\/p>\n<ul>\n<li>Bambini fino a 2 anni: pagano solo il volo e le spese di gestione circa SFr. 200.- 300.-<\/li>\n<li>2-6 anni: paga solo il volo e le spese di gestione circa SFr. 600.- 700.-<\/li>\n<li>6-11 anni: 25% in meno.<\/li>\n<li>11 + anni: prezzo intero del tour.<\/li>\n<\/ul>\n<p><span>Le disposizioni si applicano ai bambini accompagnatori che condividono la camera con i genitori (massimo 1 bambino nella camera dei genitori).<\/span><\/p>\n<p><span>Se il tuo giro turistico include voli nazionali, sar\u00e0 richiesto un supplemento per bambini.<\/span><\/p>\n<p>[\/et_pb_accordion_item][et_pb_accordion_item title=\"Note sull&apos;alloggio\" icon_color=\"#0C71C3&#8243; _builder_version=\"4.16&#8243; _module_preset=\"default\" custom_margin=\"15px||15px||true|false\" custom_padding=\"||||false|false\" global_colors_info=\"{}\" open=\"off\"]<\/p>\n<ul>\n<li><span>Le categorie di hotel sono categorie di paesi secondo il Ministero del Turismo egiziano.<\/span><\/li>\n<li><span>Check-in intorno alle 14:00<\/span><\/li>\n<li><span> Check out intorno alle 12:00<\/span><\/li>\n<li><span>La cabina della nave sar\u00e0 assegnata al momento dell&#8217;imbarco.<\/span><\/li>\n<li><span> <\/span><span>Sistemazione in un altro hotel equivalente in casi eccezionali.<\/span><\/li>\n<\/ul>\n<p>[\/et_pb_accordion_item][et_pb_accordion_item title=\"Note sull&apos;itinerario\" icon_color=\"#0C71C3&#8243; _builder_version=\"4.16&#8243; _module_preset=\"default\" global_colors_info=\"{}\" open=\"off\"]<\/p>\n<ul>\n<li><span>L&#8217;itinerario della Crociera sul Nilo pu\u00f2 variare a seconda della posizione in acqua, ma \u00e8 garantita la visita a tutti i luoghi menzionati.<\/span><\/li>\n<li><span>In casi eccezionali, la guida turistica pu\u00f2 modificare l&#8217;ordine delle date di visualizzazione.<\/span><\/li>\n<li><span>I comodi treni letto in Egitto sono regolarmente controllati e sottoposti a manutenzione per la sicurezza.<\/span><\/li>\n<li><span>Il viaggio dal Cairo a Luxor dura circa 11 ore, da Assuan al Cairo circa 14 ore.<\/span><\/li>\n<li><span>Le mance non sono incluse nel prezzo del tour. Tuttavia, non sei obbligato a pagare tali spese aggiuntive in loco.<\/span><\/li>\n<\/ul>\n<p>[\/et_pb_accordion_item][et_pb_accordion_item title=\"Raccomandazioni per i bagagli da viaggio\" icon_color=\"#0C71C3&#8243; _builder_version=\"4.16&#8243; _module_preset=\"default\" global_colors_info=\"{}\" open=\"off\"]<\/p>\n<ul>\n<li><span>Borsa da viaggio<\/span><\/li>\n<li><span>asciugamani<\/span><\/li>\n<li><span>Scarpe da corsa e sandali solidi<\/span><\/li>\n<li><span>Abbigliamento in cotone durante il giorno (tutte le stagioni) e maglioni \/ giacche e pantaloni caldi la sera<\/span><\/li>\n<li><span>Abbigliamento e copricapo appropriati quando si visita una moschea (braccia e gambe coperte)<\/span><\/li>\n<li><span>Copricapo (cappello, mantello),<\/span> <span>occhiali da sole e crema solare<\/span><\/li>\n<\/ul>\n<p>[\/et_pb_accordion_item][\/et_pb_accordion][et_pb_button button_url=\"@ET-DC@eyJkeW5hbWljIjp0cnVlLCJjb250ZW50IjoicG9zdF9saW5rX3VybF9wYWdlIiwic2V0dGluZ3MiOnsicG9zdF9pZCI6IjE0OSJ9fQ==@\" button_text=\"Altre domande frequenti&#8230;\" _builder_version=\"4.16&#8243; _dynamic_attributes=\"button_url\" _module_preset=\"default\" global_colors_info=\"{}\"][\/et_pb_button][\/et_pb_column][\/et_pb_row][\/et_pb_section][et_pb_section fb_built=\"1&#8243; _builder_version=\"4.16&#8243; _module_preset=\"default\" custom_padding=\"31px|||||\" global_module=\"10467&#8243; saved_tabs=\"all\" locked=\"off\" global_colors_info=\"{}\"][et_pb_row _builder_version=\"4.27.4&#8243; _module_preset=\"default\" global_colors_info=\"{}\"][et_pb_column type=\"4_4&#8243; _builder_version=\"4.27.4&#8243; _module_preset=\"default\" global_colors_info=\"{}\"][\/et_pb_column][\/et_pb_row][\/et_pb_section][et_pb_section fb_built=\"1&#8243; prev_background_color=\"#ffffff\" _builder_version=\"4.27.4&#8243; _module_preset=\"default\" background_enable_color=\"off\" use_background_color_gradient=\"on\" background_color_gradient_stops=\"rgba(30,106,168,0) 0%|#005da8 100%\" background_color_gradient_overlays_image=\"on\" background_color_gradient_start=\"rgba(30,106,168,0)\" background_color_gradient_end=\"#005da8&#8243; background_image=\"https:\/\/adamtravel.ch\/wp-content\/uploads\/2025\/08\/aegypten-pyramiden.webp\" custom_margin=\"||||false|false\" custom_padding=\"70px||70px||true|false\" top_divider_style=\"wave2&#8243; top_divider_height=\"47px\" locked=\"off\" global_colors_info=\"{}\"][et_pb_row column_structure=\"3_5,2_5&#8243; _builder_version=\"4.16&#8243; _module_preset=\"default\" global_colors_info=\"{}\"][et_pb_column type=\"3_5&#8243; _builder_version=\"4.16&#8243; _module_preset=\"default\" custom_css_main_element=\"margin:auto;\" global_colors_info=\"{}\"][et_pb_text _builder_version=\"4.16&#8243; _module_preset=\"default\" header_3_font=\"Cabin||||||||\" header_3_text_color=\"#FFFFFF\" header_3_font_size=\"36px\" header_3_line_height=\"1.2em\" animation_style=\"slide\" animation_direction=\"left\" animation_delay=\"10ms\" text_orientation_tablet=\"center\" text_orientation_phone=\"\" text_orientation_last_edited=\"on|tablet\" global_colors_info=\"{}\"]<\/p>\n<h3>Viaggia con lo specialista in Egitto<\/h3>\n<p>[\/et_pb_text][\/et_pb_column][et_pb_column type=\"2_5&#8243; _builder_version=\"4.16&#8243; _module_preset=\"default\" custom_css_main_element=\"margin:auto;\" global_colors_info=\"{}\"][et_pb_button button_url=\"@ET-DC@eyJkeW5hbWljIjp0cnVlLCJjb250ZW50IjoicG9zdF9saW5rX3VybF9wYWdlIiwic2V0dGluZ3MiOnsicG9zdF9pZCI6IjE1MiJ9fQ==@\" button_text=\"Contatto\" button_alignment=\"right\" button_alignment_tablet=\"center\" button_alignment_phone=\"\" button_alignment_last_edited=\"on|tablet\" _builder_version=\"4.16&#8243; _dynamic_attributes=\"button_url\" _module_preset=\"default\" custom_button=\"on\" button_text_size=\"16px\" button_text_color=\"#005da8&#8243; button_bg_color=\"#ffffff\" button_border_width=\"0px\" button_border_color=\"rgba(0,0,0,0)\" button_border_radius=\"5px\" button_letter_spacing=\"0px\" button_font=\"|600|||||||\" button_use_icon=\"off\" custom_margin_tablet=\"15px||||false|false\" custom_margin_phone=\"\" custom_margin_last_edited=\"on|tablet\" custom_padding=\"15px|45px|15px|45px|true|true\" animation_style=\"slide\" animation_direction=\"right\" animation_delay=\"10ms\" box_shadow_style=\"preset3&#8243; box_shadow_color=\"rgba(255,255,255,0.48)\" locked=\"off\" global_colors_info=\"{}\" button_bg_color__hover_enabled=\"off|desktop\" button_text_color__hover_enabled=\"off|desktop\" button_text_color__hover=\"#ffffff\" button_bg_color__hover=\"#29b2b8&#8243; button_bg_enable_color__hover=\"on\" button_border_color__hover_enabled=\"off|desktop\" button_border_color__hover=\"#ffffff\" box_shadow_blur__hover_enabled=\"on|desktop\" box_shadow_blur__hover=\"42px\" transform_styles__hover_enabled=\"on|desktop\" transform_scale__hover_enabled=\"on|desktop\" transform_translate__hover_enabled=\"on|desktop\" transform_rotate__hover_enabled=\"on|desktop\" transform_skew__hover_enabled=\"on|desktop\" transform_origin__hover_enabled=\"on|desktop\" transform_scale__hover=\"95%|95%\"][\/et_pb_button][\/et_pb_column][\/et_pb_row][\/et_pb_section][et_pb_section fb_built=\"1&#8243; fullwidth=\"on\" _builder_version=\"4.16&#8243; _module_preset=\"default\" global_colors_info=\"{}\"][\/et_pb_section]<\/p>\n","protected":false},"excerpt":{"rendered":"<p>Vacanze accessibili in Egitto: cultura senza barriere Noi di AdamTravel viviamo e amiamo l&#8217;Egitto. Ecco perch\u00e9 siamo particolarmente interessati a dare alle persone con disabilit\u00e0 fisiche l&#8217;opportunit\u00e0 di conoscere questo affascinante paese dell&#8217;Africa nord-orientale. Hai bisogno di viaggiare senza barriere? Allora siamo qui per aiutarti a pianificare e organizzare un viaggio indimenticabile in Egitto senza [&hellip;]<\/p>\n","protected":false},"author":4,"featured_media":10196,"parent":0,"menu_order":0,"comment_status":"closed","ping_status":"closed","template":"","meta":{"_et_pb_use_builder":"on","_et_pb_old_content":"","_et_gb_content_width":"","footnotes":""},"class_list":["post-2210","page","type-page","status-publish","has-post-thumbnail","hentry"],"_links":{"self":[{"href":"https:\/\/adamtravel.ch\/it\/wp-json\/wp\/v2\/pages\/2210","targetHints":{"allow":["GET"]}}],"collection":[{"href":"https:\/\/adamtravel.ch\/it\/wp-json\/wp\/v2\/pages"}],"about":[{"href":"https:\/\/adamtravel.ch\/it\/wp-json\/wp\/v2\/types\/page"}],"author":[{"embeddable":true,"href":"https:\/\/adamtravel.ch\/it\/wp-json\/wp\/v2\/users\/4"}],"replies":[{"embeddable":true,"href":"https:\/\/adamtravel.ch\/it\/wp-json\/wp\/v2\/comments?post=2210"}],"version-history":[{"count":9,"href":"https:\/\/adamtravel.ch\/it\/wp-json\/wp\/v2\/pages\/2210\/revisions"}],"predecessor-version":[{"id":11169,"href":"https:\/\/adamtravel.ch\/it\/wp-json\/wp\/v2\/pages\/2210\/revisions\/11169"}],"wp:featuredmedia":[{"embeddable":true,"href":"https:\/\/adamtravel.ch\/it\/wp-json\/wp\/v2\/media\/10196"}],"wp:attachment":[{"href":"https:\/\/adamtravel.ch\/it\/wp-json\/wp\/v2\/media?parent=2210"}],"curies":[{"name":"wp","href":"https:\/\/api.w.org\/{rel}","templated":true}]}}