{"id":2423,"date":"2021-11-05T18:24:11","date_gmt":"2021-11-05T18:24:11","guid":{"rendered":"https:\/\/adamtravel.ch\/?page_id=2423"},"modified":"2025-09-06T18:03:02","modified_gmt":"2025-09-06T16:03:02","slug":"impronta","status":"publish","type":"page","link":"https:\/\/adamtravel.ch\/it\/impronta\/","title":{"rendered":"impronta"},"content":{"rendered":"<p>[et_pb_section fb_built=\"1&#8243; next_background_color=\"#ffffff\" _builder_version=\"4.16&#8243; _module_preset=\"default\" background_enable_color=\"off\" use_background_color_gradient=\"on\" background_color_gradient_stops=\"rgba(0,0,0,0.61) 0%|rgba(0,0,0,0.53) 100%\" background_color_gradient_overlays_image=\"on\" background_color_gradient_start=\"rgba(0,0,0,0.61)\" background_color_gradient_end=\"rgba(0,0,0,0.53)\" background_image=\"https:\/\/adamtravel.ch\/wp-content\/uploads\/2021\/10\/Header_3.jpg\" custom_padding=\"103px||152px||false|\" bottom_divider_style=\"wave2&#8243; locked=\"off\" global_colors_info=\"{}\"][et_pb_row _builder_version=\"4.16&#8243; _module_preset=\"default\" global_colors_info=\"{}\"][et_pb_column type=\"4_4&#8243; _builder_version=\"4.16&#8243; _module_preset=\"default\" global_colors_info=\"{}\"][et_pb_text _builder_version=\"4.16&#8243; _dynamic_attributes=\"content\" _module_preset=\"default\" header_font=\"Cabin|700|||||||\" header_text_align=\"center\" header_text_color=\"#ffffff\" header_font_size=\"70px\" animation_style=\"zoom\" animation_delay=\"10ms\" header_font_size_tablet=\"60px\" header_font_size_phone=\"50px\" header_font_size_last_edited=\"on|phone\" global_colors_info=\"{}\" header_font_size__hover_enabled=\"off|desktop\"]@ET-DC@eyJkeW5hbWljIjp0cnVlLCJjb250ZW50IjoicG9zdF90aXRsZSIsInNldHRpbmdzIjp7ImJlZm9yZSI6IjxoMT4iLCJhZnRlciI6IjxoMT4ifX0=@[\/et_pb_text][\/et_pb_column][\/et_pb_row][\/et_pb_section][et_pb_section fb_built=\"1&#8243; admin_label=\"section\" _builder_version=\"4.16&#8243; custom_padding=\"||||false|false\" global_colors_info=\"{}\"][et_pb_row admin_label=\"riga\" _builder_version=\"4.16&#8243; background_color=\"#FFFFFF\" background_size=\"initial\" background_position=\"top_left\" background_repeat=\"repeat\" custom_margin=\"-180px||||false|false\" custom_padding=\"25px|25px|25px|25px|true|true\" border_radii=\"on|12px|12px|12px|12px\" box_shadow_style=\"preset1&#8243; box_shadow_blur=\"42px\" box_shadow_color=\"rgba(110,130,208,0.17)\" global_colors_info=\"{}\"][et_pb_column type=\"4_4&#8243; _builder_version=\"4.16&#8243; custom_padding=\"|||\" global_colors_info=\"{}\" custom_padding__hover=\"|||\"][et_pb_text admin_label=\"Text\" _builder_version=\"4.22.1&#8243; text_font=\"Cabin||||||||\" text_text_color=\"#000000&#8243; text_font_size=\"15px\" text_line_height=\"1.9em\" ul_font=\"Montserrat||||||||\" header_font=\"Cabin||||||||\" header_2_font=\"Cabin|700|||||||\" header_2_line_height=\"1.3em\" header_3_font=\"Cabin||||||||\" header_3_text_color=\"#000000&#8243; header_3_font_size=\"24px\" header_3_line_height=\"1.2em\" background_size=\"initial\" background_position=\"top_left\" background_repeat=\"repeat\" animation_style=\"slide\" animation_direction=\"bottom\" animation_delay=\"10ms\" global_colors_info=\"{}\"]<\/p>\n<h2 id=\"m46\">Fornitore di servizi<\/h2>\n<p>Tarek Adam, AdamTravel<\/p>\n<p>Fuchsenried 15<\/p>\n<p>2504 Biel-Bienne<\/p>\n<p>Svizzera<\/p>\n<h2 id=\"m56\">Opzioni di contatto<\/h2>\n<p>Indirizzo e-mail: <a href=\"mailto:info@adamtravel.ch\">info@adamtravel.ch<\/a><\/p>\n<p>Telefono: 0791210404<\/p>\n<h2 id=\"m58\">Dettagli della Compagnia<\/h2>\n<p>Numero di identificazione IVA (USt-ID): CHE-344.087.723<\/p>\n<h2 id=\"m151\">Registrati e registra il numero<\/h2>\n<p>registro commerciale<\/p>\n<p>Numero: UID 344.087.723<\/p>\n<h2 id=\"m65\">Avvisi di responsabilit\u00e0 e diritti di propriet\u00e0<\/h2>\n<p><strong>Esclusione<\/strong> di responsabilit\u00e0: Il contenuto di questa offerta online \u00e8 stato creato con cura e secondo il nostro stato attuale delle conoscenze, ma \u00e8 solo a scopo informativo e non ha alcun effetto giuridicamente vincolante, a meno che non si tratti di informazioni giuridicamente vincolanti (ad es. l&#8217;impronta, la dichiarazione sulla protezione dei dati, termini e condizioni o istruzioni obbligatorie da parte dei consumatori) atti. Ci riserviamo il diritto di modificare o cancellare il contenuto in tutto o in parte, a condizione che gli obblighi contrattuali rimangano inalterati. Tutte le offerte non sono vincolanti.<\/p>\n<p><strong>Collegamenti a siti Web esterni<\/strong> : i contenuti di siti Web esterni a cui ci riferiamo direttamente o indirettamente sono al di fuori della nostra area di responsabilit\u00e0 e non li adottiamo come nostri. Non siamo responsabili per alcun contenuto o svantaggio derivante dall&#8217;uso delle informazioni disponibili sui siti Web collegati.<\/p>\n<p><strong>Diritti d&#8217;autore e diritti di marchio<\/strong> : Tutti i contenuti presentati su questo sito Web, come testi, fotografie, grafica, marchi e marchi, sono protetti dai rispettivi diritti di propriet\u00e0 (diritti d&#8217;autore, diritti di marchio). L&#8217;uso, la riproduzione, ecc. sono soggetti ai nostri diritti o ai diritti dei rispettivi autori o titolari dei diritti.<\/p>\n<h2><\/h2>\n<h2 id=\"m2537\">Progettazione e realizzazione siti web:<\/h2>\n<blockquote>\n<p> <a href=\"anitapascarella.ch\"> anitapascarella.ch <\/a><br \/>Anita Pascarella, Rubigen<\/p>\n<\/blockquote>\n<p>&nbsp;<\/p>\n<p class=\"seal\">[\/et_pb_text][\/et_pb_column][\/et_pb_row][et_pb_row _builder_version=\"4.22.1&#8243; _module_preset=\"default\"][et_pb_column _builder_version=\"4.22.1&#8243; _module_preset=\"default\" type=\"4_4&#8243;][\/et_pb_column][\/et_pb_row][\/et_pb_section][et_pb_section fb_built=\"1&#8243; prev_background_color=\"#ffffff\" _builder_version=\"4.16&#8243; _module_preset=\"default\" background_enable_color=\"off\" use_background_color_gradient=\"on\" background_color_gradient_stops=\"rgba(0,93,168,0.44) 0%|rgba(224,153,0,0.78) 100%\" background_color_gradient_overlays_image=\"on\" background_color_gradient_start=\"rgba(0,93,168,0.44)\" background_color_gradient_end=\"rgba(224,153,0,0.78)\" background_image=\"https:\/\/adamtravel.ch\/wp-content\/uploads\/2021\/10\/Header3-1-scaled.jpg\" custom_margin=\"||||false|false\" custom_padding=\"70px||70px||true|false\" top_divider_style=\"wave2&#8243; top_divider_height=\"47px\" locked=\"off\" global_colors_info=\"{}\"][et_pb_row column_structure=\"3_5,2_5&#8243; use_custom_gutter=\"on\" gutter_width=\"2&#8243; make_equal=\"on\" _builder_version=\"4.16&#8243; _module_preset=\"default\" global_colors_info=\"{}\"][et_pb_column type=\"3_5&#8243; _builder_version=\"4.16&#8243; _module_preset=\"default\" custom_css_main_element=\"margin:auto;\" global_colors_info=\"{}\"][et_pb_text _builder_version=\"4.16&#8243; _module_preset=\"default\" header_3_font=\"Cabin||||||||\" header_3_text_color=\"#ffffff\" header_3_font_size=\"36px\" header_3_line_height=\"1.2em\" text_orientation_tablet=\"center\" text_orientation_phone=\"\" text_orientation_last_edited=\"on|tablet\" global_colors_info=\"{}\"]<\/p>\n<h3>Sei pronto o hai qualche domanda per noi?<\/h3>\n<p>[\/et_pb_text][\/et_pb_column][et_pb_column type=\"2_5&#8243; _builder_version=\"4.16&#8243; _module_preset=\"default\" custom_css_main_element=\"margin:auto;\" global_colors_info=\"{}\"][et_pb_button button_url=\"@ET-DC@eyJkeW5hbWljIjp0cnVlLCJjb250ZW50IjoicG9zdF9saW5rX3VybF9wYWdlIiwic2V0dGluZ3MiOnsicG9zdF9pZCI6IjE1MiJ9fQ==@\" button_text=\"Contatto\" button_alignment=\"right\" button_alignment_tablet=\"center\" button_alignment_phone=\"\" button_alignment_last_edited=\"on|phone\" _builder_version=\"4.16&#8243; _dynamic_attributes=\"button_url\" _module_preset=\"default\" custom_button=\"on\" button_text_size=\"16px\" button_text_color=\"#E09900&#8243; button_bg_color=\"#ffffff\" button_border_width=\"0px\" button_border_color=\"rgba(0,0,0,0)\" button_border_radius=\"5px\" button_letter_spacing=\"0px\" button_font=\"|600|||||||\" button_use_icon=\"off\" custom_margin_tablet=\"15px||||false|false\" custom_margin_phone=\"\" custom_margin_last_edited=\"on|tablet\" custom_padding=\"15px|45px|15px|45px|true|true\" box_shadow_style=\"preset3&#8243; box_shadow_color=\"rgba(255,255,255,0.48)\" locked=\"off\" global_colors_info=\"{}\" button_bg_color__hover_enabled=\"off|desktop\" button_text_color__hover_enabled=\"off|desktop\" button_text_color__hover=\"#ffffff\" button_bg_color__hover=\"#29b2b8&#8243; button_bg_enable_color__hover=\"on\" button_border_color__hover_enabled=\"off|desktop\" button_border_color__hover=\"#ffffff\" box_shadow_blur__hover_enabled=\"on|desktop\" box_shadow_blur__hover=\"42px\" transform_styles__hover_enabled=\"on|desktop\" transform_scale__hover_enabled=\"on|desktop\" transform_translate__hover_enabled=\"on|desktop\" transform_rotate__hover_enabled=\"on|desktop\" transform_skew__hover_enabled=\"on|desktop\" transform_origin__hover_enabled=\"on|desktop\" transform_scale__hover=\"95%|95%\"][\/et_pb_button][\/et_pb_column][\/et_pb_row][\/et_pb_section]<\/p>\n","protected":false},"excerpt":{"rendered":"<p>Fornitore di servizi Tarek Adam, AdamTravel Fuchsenried 15 2504 Biel-Bienne Svizzera Opzioni di contatto Indirizzo e-mail: info@adamtravel.ch Telefono: 0791210404 Dettagli della Compagnia Numero di identificazione IVA (USt-ID): CHE-344.087.723 Registrati e registra il numero registro commerciale Numero: UID 344.087.723 Avvisi di responsabilit\u00e0 e diritti di propriet\u00e0 Esclusione di responsabilit\u00e0: Il contenuto di questa offerta online \u00e8 [&hellip;]<\/p>\n","protected":false},"author":1,"featured_media":0,"parent":0,"menu_order":0,"comment_status":"closed","ping_status":"closed","template":"","meta":{"_et_pb_use_builder":"on","_et_pb_old_content":"","_et_gb_content_width":"","footnotes":""},"class_list":["post-2423","page","type-page","status-publish","hentry"],"_links":{"self":[{"href":"https:\/\/adamtravel.ch\/it\/wp-json\/wp\/v2\/pages\/2423","targetHints":{"allow":["GET"]}}],"collection":[{"href":"https:\/\/adamtravel.ch\/it\/wp-json\/wp\/v2\/pages"}],"about":[{"href":"https:\/\/adamtravel.ch\/it\/wp-json\/wp\/v2\/types\/page"}],"author":[{"embeddable":true,"href":"https:\/\/adamtravel.ch\/it\/wp-json\/wp\/v2\/users\/1"}],"replies":[{"embeddable":true,"href":"https:\/\/adamtravel.ch\/it\/wp-json\/wp\/v2\/comments?post=2423"}],"version-history":[{"count":9,"href":"https:\/\/adamtravel.ch\/it\/wp-json\/wp\/v2\/pages\/2423\/revisions"}],"predecessor-version":[{"id":10899,"href":"https:\/\/adamtravel.ch\/it\/wp-json\/wp\/v2\/pages\/2423\/revisions\/10899"}],"wp:attachment":[{"href":"https:\/\/adamtravel.ch\/it\/wp-json\/wp\/v2\/media?parent=2423"}],"curies":[{"name":"wp","href":"https:\/\/api.w.org\/{rel}","templated":true}]}}